{"id":610,"date":"2020-04-01T05:02:20","date_gmt":"2020-04-01T05:02:20","guid":{"rendered":"https:\/\/ceaphotography.com\/WPpractice\/?page_id=610"},"modified":"2022-01-23T00:23:22","modified_gmt":"2022-01-23T00:23:22","slug":"jugar-para-ayudar","status":"publish","type":"page","link":"https:\/\/ceawebs.com\/espanol\/jugar-para-ayudar\/","title":{"rendered":"Jugar Para Ayudar"},"content":{"rendered":"\n<div id=\"section-gb1b220\" class=\"wp-block-gutentor-e0 section-gb1b220 gutentor-element gutentor-element-advanced-text text-align-center-desktop text-align-center-tablet text-align-center-mobile\"><div class=\"gutentor-text-wrap\"><h2 class=\"gutentor-text\">Jugar Para Ayudar<\/h2><\/div><\/div>\n\n\n\n<section id=\"gma243be2\" class=\"wp-block-gutentor-m2 section-gma243be2 gutentor-module gutentor-dynamic-columns\"><div class=\"grid-container\"><div class=\"grid-row\">\n<div id=\"col-gm4bc91f\" class=\"wp-block-gutentor-m2-col col-gm4bc91f gutentor-module gutentor-dynamic-single-column grid-lg-6 grid-md-4 grid-12\"><div id=\"section-gm4bc91f\" class=\"section-gm4bc91f gutentor-single-col\">\n<div id=\"section-gf062c9\" class=\"wp-block-gutentor-e1 section-gf062c9 gutentor-element gutentor-element-advanced-text\"><div class=\"gutentor-text-wrap\"><p class=\"gutentor-text\">Jugar Para Ayudar (JPA) es una organizaci\u00f3n sin fines de lucro creada por Douglas Qui\u00f1\u00f3nez, en octubre de 2015. Douglas creci\u00f3 en un ambiente muy pobre y humilde, por lo que se identifica con personas y familias de bajos ingresos en extrema necesidad econ\u00f3mica, quienes busca ayudar de la mejor manera posible.<br>&nbsp;<br>Jugar Para Ayudar naci\u00f3 con la idea de recaudar fondos a trav\u00e9s de torneos de f\u00fatbol con el prop\u00f3sito de ayudar a familias menos afortunadas (bajos ingresos) y como parte del compromiso de Jugar Para Ayudar (JPA) es poder satisfacer de la mejor manera todas las deficiencias de los m\u00e1s necesitados.<\/p><\/div><\/div>\n\n\n\n<div id=\"section-ga8d84f\" class=\"wp-block-gutentor-e1 section-ga8d84f gutentor-element gutentor-element-advanced-text\"><div class=\"gutentor-text-wrap\"><h3 class=\"gutentor-text\">Testimonio<\/h3><\/div><\/div>\n\n\n\n<div id=\"section-g452999\" class=\"wp-block-gutentor-e1 section-g452999 gutentor-element gutentor-element-advanced-text\"><div class=\"gutentor-text-wrap\"><p class=\"gutentor-text\">Coming soon!<\/p><\/div><\/div>\n<\/div><\/div>\n\n\n\n<div id=\"col-gm57592b\" class=\"wp-block-gutentor-m2-col col-gm57592b gutentor-module gutentor-dynamic-single-column grid-lg-6 grid-md-4 grid-12\"><div id=\"section-gm57592b\" class=\"section-gm57592b gutentor-single-col\">\n<div id=\"section-g2612a1\" class=\"wp-block-gutentor-e6 section-g2612a1 gutentor-element gutentor-element-image\"><div class=\"gutentor-element-image-box\"><a class=\"gutentor-element-image-link\" href=\"http:\/\/www.JugarParaAyudar.org\" target=\"_blank\" rel=\"noopener noreferrer\"><div class=\"gutentor-image-thumb\"><img decoding=\"async\" class=\"normal-image\" src=\"https:\/\/www.ceawebs.com\/espanol\/wp-content\/uploads\/2020\/04\/JugarParaAyudar.jpg\" \/><\/div><\/a><\/div><\/div>\n\n\n\n<div id=\"section-g37744f\" class=\"wp-block-gutentor-e1 section-g37744f gutentor-element gutentor-element-advanced-text text-align-center-desktop text-align-center-tablet text-align-center-mobile\"><div class=\"gutentor-text-wrap\"><h3 class=\"gutentor-text\"><br>Para m\u00e1s informaci\u00f3n visite aqu\u00ed:<\/h3><\/div><\/div>\n\n\n\n<div id=\"section-ga2d5c7\" class=\"wp-block-gutentor-e1 section-ga2d5c7 gutentor-element gutentor-element-advanced-text text-align-center-desktop text-align-center-tablet text-align-center-mobile\"><div class=\"gutentor-text-wrap\"><h3 class=\"gutentor-text\"><a rel=\"noreferrer noopener\" href=\"https:\/\/www.abenusa.com\/\" target=\"_blank\"><\/a><a rel=\"noreferrer noopener\" href=\"http:\/\/www.jugarparaayudar.org\/\" target=\"_blank\">www.JugarParaAyudar.org<\/a><\/h3><\/div><\/div>\n<\/div><\/div>\n<\/div><\/div><\/section>\n\n\n\n<div id=\"section-g9ad09c\" class=\"wp-block-gutentor-e0 section-g9ad09c gutentor-element gutentor-element-advanced-text text-align-center-desktop text-align-center-tablet text-align-center-mobile\"><div class=\"gutentor-text-wrap\"><h1 class=\"gutentor-text\"><\/h1><\/div><\/div>\n\n\n\n<div id=\"section-g0a7e96\" class=\"wp-block-gutentor-e0 section-g0a7e96 gutentor-element gutentor-element-advanced-text text-align-center-desktop text-align-center-tablet text-align-center-mobile\"><div class=\"gutentor-text-wrap\"><h2 class=\"gutentor-text\">Mas Clientes!<\/h2><\/div><\/div>\n\n\n\n<section id=\"gmf649768\" class=\"wp-block-gutentor-m0 section-gmf649768 gutentor-module gutentor-module-carousel gutentor-slick-a-default-desktop gutentor-slick-a-default-tablet gutentor-slick-a-default-mobile\"><div class=\"grid-container\"><div class=\"gutentor-module-carousel-row\" data-dots=\"true\" data-dotstablet=\"false\" data-dotsmobile=\"false\" data-arrows=\"true\" data-arrowstablet=\"true\" data-arrowsmobile=\"true\" data-infinite=\"false\" data-autoplay=\"false\" data-draggable=\"true\" data-pauseonfocus=\"true\" data-pauseonhover=\"true\" data-autoplayspeed=\"3000\" data-cmondesktop=\"false\" data-cmontablet=\"false\" data-cmonmobile=\"false\" data-nextarrow=\"fas fa-angle-right\" data-prevarrow=\"fas fa-angle-left\" data-arrowspositiondesktop=\"gutentor-slick-a-default-desktop\" data-arrowspositiontablet=\"gutentor-slick-a-default-tablet\" data-arrowspositionmobile=\"gutentor-slick-a-default-mobile\" data-speed=\"300\" data-slideitemdesktop=\"9\" data-slideitemtablet=\"3\" data-slideitemmobile=\"2\" data-slidescroll-desktop=\"3\" data-slidescroll-tablet=\"3\" data-slidescroll-mobile=\"2\">\n<div id=\"col-gm632de7\" class=\"wp-block-gutentor-m0-col col-gm632de7 gutentor-carousel-item\"><div id=\"section-gm632de7\" class=\"section-gm632de7 gutentor-col-wrap\">\n<div id=\"section-g77a2e4\" class=\"wp-block-gutentor-e6 section-g77a2e4 gutentor-element gutentor-element-image\"><div class=\"gutentor-element-image-box\"><a class=\"gutentor-element-image-link\" href=\"\/espanol\/\/aben\/\"><div class=\"gutentor-image-thumb\"><img decoding=\"async\" class=\"normal-image\" src=\"https:\/\/www.ceawebs.com\/wp-content\/uploads\/2020\/03\/aben.jpg\" \/><\/div><\/a><\/div><\/div>\n\n\n\n<div id=\"section-g57283a\" class=\"wp-block-gutentor-e1 section-g57283a gutentor-element gutentor-element-advanced-text text-align-center-desktop text-align-center-tablet text-align-center-mobile\"><div class=\"gutentor-text-wrap\"><p class=\"gutentor-text\">Aben<\/p><\/div><\/div>\n<\/div><\/div>\n\n\n\n<div id=\"col-gm048575\" class=\"wp-block-gutentor-m0-col col-gm048575 gutentor-carousel-item\"><div id=\"section-gm048575\" class=\"section-gm048575 gutentor-col-wrap\">\n<div id=\"section-g446ff6\" class=\"wp-block-gutentor-e6 section-g446ff6 gutentor-element gutentor-element-image\"><div class=\"gutentor-element-image-box\"><a class=\"gutentor-element-image-link\" href=\"\/espanol\/\/amigos\/\"><div class=\"gutentor-image-thumb\"><img decoding=\"async\" class=\"normal-image\" src=\"https:\/\/www.ceawebs.com\/wp-content\/uploads\/2020\/03\/amigos2018.jpg\" \/><\/div><\/a><\/div><\/div>\n\n\n\n<div id=\"section-gf456f6\" class=\"wp-block-gutentor-e1 section-gf456f6 gutentor-element gutentor-element-advanced-text text-align-center-desktop text-align-center-tablet text-align-center-mobile\"><div class=\"gutentor-text-wrap\"><p class=\"gutentor-text\">Amigos<\/p><\/div><\/div>\n<\/div><\/div>\n\n\n\n<div id=\"col-gmdfb3f3\" class=\"wp-block-gutentor-m0-col col-gmdfb3f3 gutentor-carousel-item\"><div id=\"section-gmdfb3f3\" class=\"section-gmdfb3f3 gutentor-col-wrap\">\n<div id=\"section-gb621f9\" class=\"wp-block-gutentor-e6 section-gb621f9 gutentor-element gutentor-element-image\"><div class=\"gutentor-element-image-box\"><a class=\"gutentor-element-image-link\" href=\"\/espanol\/\/ceaphotography\/\"><div class=\"gutentor-image-thumb\"><img decoding=\"async\" class=\"normal-image\" src=\"https:\/\/www.ceawebs.com\/wp-content\/uploads\/2020\/03\/ceaphoto.jpg\" \/><\/div><\/a><\/div><\/div>\n\n\n\n<div id=\"section-ge2a352\" class=\"wp-block-gutentor-e0 section-ge2a352 gutentor-element gutentor-element-advanced-text text-align-center-desktop text-align-center-tablet text-align-center-mobile\"><div class=\"gutentor-text-wrap\"><p class=\"gutentor-text\">CEAphoto<\/p><\/div><\/div>\n<\/div><\/div>\n\n\n\n<div id=\"col-gm9b673e\" class=\"wp-block-gutentor-m0-col col-gm9b673e gutentor-carousel-item\"><div id=\"section-gm9b673e\" class=\"section-gm9b673e gutentor-col-wrap\">\n<div id=\"section-g6b978a\" class=\"wp-block-gutentor-e6 section-g6b978a gutentor-element gutentor-element-image\"><div class=\"gutentor-element-image-box\"><a class=\"gutentor-element-image-link\" href=\"\/espanol\/\/dj-unieq\/\"><div class=\"gutentor-image-thumb\"><img decoding=\"async\" class=\"normal-image\" src=\"https:\/\/www.ceawebs.com\/wp-content\/uploads\/2020\/12\/DjUnieQ.jpg\" \/><\/div><\/a><\/div><\/div>\n\n\n\n<div id=\"section-g4b6e6c\" class=\"wp-block-gutentor-e0 section-g4b6e6c gutentor-element gutentor-element-advanced-text text-align-center-desktop text-align-center-tablet text-align-center-mobile\"><div class=\"gutentor-text-wrap\"><p class=\"gutentor-text\">DjUnieQ<\/p><\/div><\/div>\n<\/div><\/div>\n\n\n\n<div id=\"col-gm980f0b\" class=\"wp-block-gutentor-m0-col col-gm980f0b gutentor-carousel-item\"><div id=\"section-gm980f0b\" class=\"section-gm980f0b gutentor-col-wrap\">\n<div id=\"section-g79525f\" class=\"wp-block-gutentor-e6 section-g79525f gutentor-element gutentor-element-image\"><div class=\"gutentor-element-image-box\"><a class=\"gutentor-element-image-link\" href=\"\/espanol\/\/go-green-products\/\"><div class=\"gutentor-image-thumb\"><img decoding=\"async\" class=\"normal-image\" src=\"https:\/\/www.ceawebs.com\/wp-content\/uploads\/2020\/04\/GoGreenProductsCA.jpg\" \/><\/div><\/a><\/div><\/div>\n\n\n\n<div id=\"section-g89acfc\" class=\"wp-block-gutentor-e0 section-g89acfc gutentor-element gutentor-element-advanced-text text-align-center-desktop text-align-center-tablet text-align-center-mobile\"><div class=\"gutentor-text-wrap\"><p class=\"gutentor-text\">Green<\/p><\/div><\/div>\n<\/div><\/div>\n\n\n\n<div id=\"col-gmdf3949\" class=\"wp-block-gutentor-m0-col col-gmdf3949 gutentor-carousel-item\"><div id=\"section-gmdf3949\" class=\"section-gmdf3949 gutentor-col-wrap\">\n<div id=\"section-g6f2e43\" class=\"wp-block-gutentor-e6 section-g6f2e43 gutentor-element gutentor-element-image\"><div class=\"gutentor-element-image-box\"><a class=\"gutentor-element-image-link\" href=\"\/espanol\/\/ed-pool-and-spa\/\"><div class=\"gutentor-image-thumb\"><img decoding=\"async\" class=\"normal-image\" src=\"https:\/\/www.ceawebs.com\/wp-content\/uploads\/2022\/01\/edPoolSpa.jpg\" \/><\/div><\/a><\/div><\/div>\n\n\n\n<div id=\"section-g54daea\" class=\"wp-block-gutentor-e0 section-g54daea gutentor-element gutentor-element-advanced-text text-align-center-desktop text-align-center-tablet text-align-center-mobile\"><div class=\"gutentor-text-wrap\"><p class=\"gutentor-text\">EdPool<\/p><\/div><\/div>\n<\/div><\/div>\n\n\n\n<div id=\"col-gme217ea\" class=\"wp-block-gutentor-m0-col col-gme217ea gutentor-carousel-item\"><div id=\"section-gme217ea\" class=\"section-gme217ea gutentor-col-wrap\">\n<div id=\"section-g0e2f7b\" class=\"wp-block-gutentor-e6 section-g0e2f7b gutentor-element gutentor-element-image\"><div class=\"gutentor-element-image-box\"><a class=\"gutentor-element-image-link\" href=\"\/espanol\/\/eunice-nails\/\"><div class=\"gutentor-image-thumb\"><img decoding=\"async\" class=\"normal-image\" src=\"https:\/\/www.ceawebs.com\/wp-content\/uploads\/2022\/01\/euniceNails.jpg\" \/><\/div><\/a><\/div><\/div>\n\n\n\n<div id=\"section-g95c391\" class=\"wp-block-gutentor-e0 section-g95c391 gutentor-element gutentor-element-advanced-text text-align-center-desktop text-align-center-tablet text-align-center-mobile\"><div class=\"gutentor-text-wrap\"><p class=\"gutentor-text\">Eunice<\/p><\/div><\/div>\n<\/div><\/div>\n\n\n\n<div id=\"col-gmb068ed\" class=\"wp-block-gutentor-m0-col col-gmb068ed gutentor-carousel-item\"><div id=\"section-gmb068ed\" class=\"section-gmb068ed gutentor-col-wrap\">\n<div id=\"section-g0e1327\" class=\"wp-block-gutentor-e6 section-g0e1327 gutentor-element gutentor-element-image\"><div class=\"gutentor-element-image-box\"><a class=\"gutentor-element-image-link\" href=\"\/espanol\/\/one-page-site\/\"><div class=\"gutentor-image-thumb\"><img decoding=\"async\" class=\"normal-image\" src=\"https:\/\/www.ceawebs.com\/wp-content\/uploads\/2020\/03\/onepagesite.jpg\" \/><\/div><\/a><\/div><\/div>\n\n\n\n<div id=\"section-gec5667\" class=\"wp-block-gutentor-e0 section-gec5667 gutentor-element gutentor-element-advanced-text\"><div class=\"gutentor-text-wrap\"><p class=\"gutentor-text\">One Page<\/p><\/div><\/div>\n<\/div><\/div>\n<\/div><\/div><\/section>\n","protected":false},"excerpt":{"rendered":"","protected":false},"author":1,"featured_media":532,"parent":0,"menu_order":0,"comment_status":"closed","ping_status":"closed","template":"","meta":{"_uag_custom_page_level_css":"","footnotes":""},"class_list":["post-610","page","type-page","status-publish","has-post-thumbnail","hentry"],"aioseo_notices":[],"uagb_featured_image_src":{"full":["https:\/\/ceawebs.com\/espanol\/wp-content\/uploads\/2020\/04\/JugarParaAyudar.jpg",1265,850,false],"thumbnail":["https:\/\/ceawebs.com\/espanol\/wp-content\/uploads\/2020\/04\/JugarParaAyudar-150x150.jpg",150,150,true],"medium":["https:\/\/ceawebs.com\/espanol\/wp-content\/uploads\/2020\/04\/JugarParaAyudar-300x202.jpg",300,202,true],"medium_large":["https:\/\/ceawebs.com\/espanol\/wp-content\/uploads\/2020\/04\/JugarParaAyudar-768x516.jpg",640,430,true],"large":["https:\/\/ceawebs.com\/espanol\/wp-content\/uploads\/2020\/04\/JugarParaAyudar-1024x688.jpg",640,430,true],"1536x1536":["https:\/\/ceawebs.com\/espanol\/wp-content\/uploads\/2020\/04\/JugarParaAyudar.jpg",1265,850,false],"2048x2048":["https:\/\/ceawebs.com\/espanol\/wp-content\/uploads\/2020\/04\/JugarParaAyudar.jpg",1265,850,false],"post-thumbnail":["https:\/\/ceawebs.com\/espanol\/wp-content\/uploads\/2020\/04\/JugarParaAyudar-340x240.jpg",340,240,true],"sow-carousel-default":["https:\/\/ceawebs.com\/espanol\/wp-content\/uploads\/2020\/04\/JugarParaAyudar-272x182.jpg",272,182,true]},"uagb_author_info":{"display_name":"Tato","author_link":"https:\/\/ceawebs.com\/espanol\/author\/cesareaguirre\/"},"uagb_comment_info":0,"uagb_excerpt":null,"_links":{"self":[{"href":"https:\/\/ceawebs.com\/espanol\/wp-json\/wp\/v2\/pages\/610","targetHints":{"allow":["GET"]}}],"collection":[{"href":"https:\/\/ceawebs.com\/espanol\/wp-json\/wp\/v2\/pages"}],"about":[{"href":"https:\/\/ceawebs.com\/espanol\/wp-json\/wp\/v2\/types\/page"}],"author":[{"embeddable":true,"href":"https:\/\/ceawebs.com\/espanol\/wp-json\/wp\/v2\/users\/1"}],"replies":[{"embeddable":true,"href":"https:\/\/ceawebs.com\/espanol\/wp-json\/wp\/v2\/comments?post=610"}],"version-history":[{"count":20,"href":"https:\/\/ceawebs.com\/espanol\/wp-json\/wp\/v2\/pages\/610\/revisions"}],"predecessor-version":[{"id":2347,"href":"https:\/\/ceawebs.com\/espanol\/wp-json\/wp\/v2\/pages\/610\/revisions\/2347"}],"wp:featuredmedia":[{"embeddable":true,"href":"https:\/\/ceawebs.com\/espanol\/wp-json\/wp\/v2\/media\/532"}],"wp:attachment":[{"href":"https:\/\/ceawebs.com\/espanol\/wp-json\/wp\/v2\/media?parent=610"}],"curies":[{"name":"wp","href":"https:\/\/api.w.org\/{rel}","templated":true}]}}