{"id":36,"date":"2018-07-16T10:54:33","date_gmt":"2018-07-16T10:54:33","guid":{"rendered":"http:\/\/demo.acmethemes.com\/lawyer-zone\/?page_id=114"},"modified":"2022-01-23T00:20:40","modified_gmt":"2022-01-23T00:20:40","slug":"amigos","status":"publish","type":"page","link":"https:\/\/ceawebs.com\/espanol\/amigos\/","title":{"rendered":"Amigos"},"content":{"rendered":"\n<div id=\"section-g94f5be\" class=\"wp-block-gutentor-e0 section-g94f5be gutentor-element gutentor-element-advanced-text text-align-center-desktop text-align-center-tablet text-align-center-mobile\"><div class=\"gutentor-text-wrap\"><h2 class=\"gutentor-text\">Amigos<\/h2><\/div><\/div>\n\n\n\n<section id=\"gm47d9b21\" class=\"wp-block-gutentor-m2 section-gm47d9b21 gutentor-module gutentor-dynamic-columns\"><div class=\"grid-container\"><div class=\"grid-row\">\n<div id=\"col-gma105a1\" class=\"wp-block-gutentor-m2-col col-gma105a1 gutentor-module gutentor-dynamic-single-column grid-lg-6 grid-md-4 grid-12\"><div id=\"section-gma105a1\" class=\"section-gma105a1 gutentor-single-col\">\n<div id=\"section-g86dbcd\" class=\"wp-block-gutentor-e1 section-g86dbcd gutentor-element gutentor-element-advanced-text\"><div class=\"gutentor-text-wrap\"><p class=\"gutentor-text\">Amigos Sin Barreras\/Friends Without Barriers (Amigos) es una organizaci\u00f3n no lucrativa que actualmente opera dos programas en el \u00e1rea de la Bah\u00eda del Sur, en el Condado de Los Angeles.<br>&nbsp;<br>Su primer programa fue iniciado en Julio de 1994 para llevar educaci\u00f3n, informaci\u00f3n, orientaci\u00f3n y referencias, y un servicio de ayuda urgente durante las 24 horas. Amigos recibieron la denominaci\u00f3n de organizaci\u00f3n no lucrativa en Julio de 1995.<br><br><em>Amigos toma un acercamiento holistico para el tratamiento del VIH y SIDA tratando problemas tales como barreras de comunicaci\u00f3n por un diferente lenguaje, falta de educaci\u00f3n y limite de recursos.<\/em><\/p><\/div><\/div>\n\n\n\n<div id=\"section-g12816a\" class=\"wp-block-gutentor-e1 section-g12816a gutentor-element gutentor-element-advanced-text\"><div class=\"gutentor-text-wrap\"><h3 class=\"gutentor-text\">Testimonio<\/h3><\/div><\/div>\n\n\n\n<div id=\"section-g98a4f7\" class=\"wp-block-gutentor-e1 section-g98a4f7 gutentor-element gutentor-element-advanced-text\"><div class=\"gutentor-text-wrap\"><p class=\"gutentor-text\">&#8220;Estimado Cesar:<br>En nombre de la Junta Directiva de Amigos Sin Barreras \/ Friends without Barriers (Amigos), me gustaria extender un sincero agradecimiento y reconocimiento por el establecimiento de un sitio web para Amigos.<br><br>Su amabilidad y generosidad en el establecimiento de su servicio sin compensaci\u00f3n es realmente un testimonio de su dedicaci\u00f3n a ayudar a nuestros hermanos y hermanas en necesidad. Yo vi esta parte de su car\u00e1cter cuando le conoc\u00ed, y lo sigo admirando.&#8221;<br><br>Alma L. Martinez<br>Presidente y Fundadora<br>Amigos sin Barreras<\/p><\/div><\/div>\n<\/div><\/div>\n\n\n\n<div id=\"col-gm83e839\" class=\"wp-block-gutentor-m2-col col-gm83e839 gutentor-module gutentor-dynamic-single-column grid-lg-6 grid-md-4 grid-12\"><div id=\"section-gm83e839\" class=\"section-gm83e839 gutentor-single-col\">\n<div id=\"section-g004a19\" class=\"wp-block-gutentor-e6 section-g004a19 gutentor-element gutentor-element-image\"><div class=\"gutentor-element-image-box\"><a class=\"gutentor-element-image-link\" href=\"http:\/\/www.amigosonline.org\" target=\"_blank\" rel=\"noopener noreferrer\"><div class=\"gutentor-image-thumb\"><img decoding=\"async\" class=\"normal-image\" src=\"https:\/\/www.ceawebs.com\/espanol\/wp-content\/uploads\/2020\/03\/amigos2018.jpg\" \/><\/div><\/a><\/div><\/div>\n\n\n\n<div id=\"section-g2966c6\" class=\"wp-block-gutentor-e1 section-g2966c6 gutentor-element gutentor-element-advanced-text text-align-center-desktop text-align-center-tablet text-align-center-mobile\"><div class=\"gutentor-text-wrap\"><h3 class=\"gutentor-text\"><br>Para m\u00e1s informaci\u00f3n visite aqu\u00ed:<\/h3><\/div><\/div>\n\n\n\n<div id=\"section-g7454bd\" class=\"wp-block-gutentor-e1 section-g7454bd gutentor-element gutentor-element-advanced-text text-align-center-desktop text-align-center-tablet text-align-center-mobile\"><div class=\"gutentor-text-wrap\"><h3 class=\"gutentor-text\"><a rel=\"noreferrer noopener\" href=\"http:\/\/www.amigosonline.org\/\" target=\"_blank\">www.AmigosOnline.org<\/a><\/h3><\/div><\/div>\n<\/div><\/div>\n<\/div><\/div><\/section>\n\n\n\n<div id=\"section-g216430\" class=\"wp-block-gutentor-e0 section-g216430 gutentor-element gutentor-element-advanced-text text-align-center-desktop text-align-center-tablet text-align-center-mobile\"><div class=\"gutentor-text-wrap\"><h1 class=\"gutentor-text\"><\/h1><\/div><\/div>\n\n\n\n<div id=\"section-gdbc8b8\" class=\"wp-block-gutentor-e0 section-gdbc8b8 gutentor-element gutentor-element-advanced-text text-align-center-desktop text-align-center-tablet text-align-center-mobile\"><div class=\"gutentor-text-wrap\"><h2 class=\"gutentor-text\">Mas Clientes!<\/h2><\/div><\/div>\n\n\n\n<section id=\"gm2f6c0a2\" class=\"wp-block-gutentor-m0 section-gm2f6c0a2 gutentor-module gutentor-module-carousel gutentor-slick-a-default-desktop gutentor-slick-a-default-tablet gutentor-slick-a-default-mobile\"><div class=\"grid-container\"><div class=\"gutentor-module-carousel-row\" data-dots=\"true\" data-dotstablet=\"false\" data-dotsmobile=\"false\" data-arrows=\"true\" data-arrowstablet=\"true\" data-arrowsmobile=\"true\" data-infinite=\"false\" data-autoplay=\"false\" data-draggable=\"true\" data-pauseonfocus=\"true\" data-pauseonhover=\"true\" data-autoplayspeed=\"3000\" data-cmondesktop=\"false\" data-cmontablet=\"false\" data-cmonmobile=\"false\" data-nextarrow=\"fas fa-angle-right\" data-prevarrow=\"fas fa-angle-left\" data-arrowspositiondesktop=\"gutentor-slick-a-default-desktop\" data-arrowspositiontablet=\"gutentor-slick-a-default-tablet\" data-arrowspositionmobile=\"gutentor-slick-a-default-mobile\" data-speed=\"300\" data-slideitemdesktop=\"9\" data-slideitemtablet=\"3\" data-slideitemmobile=\"2\" data-slidescroll-desktop=\"3\" data-slidescroll-tablet=\"3\" data-slidescroll-mobile=\"2\">\n<div id=\"col-gmadfaf5\" class=\"wp-block-gutentor-m0-col col-gmadfaf5 gutentor-carousel-item\"><div id=\"section-gmadfaf5\" class=\"section-gmadfaf5 gutentor-col-wrap\">\n<div id=\"section-ga9a51a\" class=\"wp-block-gutentor-e6 section-ga9a51a gutentor-element gutentor-element-image\"><div class=\"gutentor-element-image-box\"><a class=\"gutentor-element-image-link\" href=\"\/espanol\/\/aben\/\"><div class=\"gutentor-image-thumb\"><img decoding=\"async\" class=\"normal-image\" src=\"https:\/\/www.ceawebs.com\/wp-content\/uploads\/2020\/03\/aben.jpg\" \/><\/div><\/a><\/div><\/div>\n\n\n\n<div id=\"section-gb8db78\" class=\"wp-block-gutentor-e1 section-gb8db78 gutentor-element gutentor-element-advanced-text text-align-center-desktop text-align-center-tablet text-align-center-mobile\"><div class=\"gutentor-text-wrap\"><p class=\"gutentor-text\">Aben<\/p><\/div><\/div>\n<\/div><\/div>\n\n\n\n<div id=\"col-gm1ca5c6\" class=\"wp-block-gutentor-m0-col col-gm1ca5c6 gutentor-carousel-item\"><div id=\"section-gm1ca5c6\" class=\"section-gm1ca5c6 gutentor-col-wrap\">\n<div id=\"section-g9dd112\" class=\"wp-block-gutentor-e6 section-g9dd112 gutentor-element gutentor-element-image\"><div class=\"gutentor-element-image-box\"><a class=\"gutentor-element-image-link\" href=\"\/espanol\/\/ceaphotography\/\"><div class=\"gutentor-image-thumb\"><img decoding=\"async\" class=\"normal-image\" src=\"https:\/\/www.ceawebs.com\/wp-content\/uploads\/2020\/03\/ceaphoto.jpg\" \/><\/div><\/a><\/div><\/div>\n\n\n\n<div id=\"section-g5ada06\" class=\"wp-block-gutentor-e0 section-g5ada06 gutentor-element gutentor-element-advanced-text text-align-center-desktop text-align-center-tablet text-align-center-mobile\"><div class=\"gutentor-text-wrap\"><p class=\"gutentor-text\">CEAphoto<\/p><\/div><\/div>\n<\/div><\/div>\n\n\n\n<div id=\"col-gme64cb6\" class=\"wp-block-gutentor-m0-col col-gme64cb6 gutentor-carousel-item\"><div id=\"section-gme64cb6\" class=\"section-gme64cb6 gutentor-col-wrap\">\n<div id=\"section-g90bedf\" class=\"wp-block-gutentor-e6 section-g90bedf gutentor-element gutentor-element-image\"><div class=\"gutentor-element-image-box\"><a class=\"gutentor-element-image-link\" href=\"\/espanol\/\/dj-unieq\/\"><div class=\"gutentor-image-thumb\"><img decoding=\"async\" class=\"normal-image\" src=\"https:\/\/www.ceawebs.com\/wp-content\/uploads\/2020\/12\/DjUnieQ.jpg\" \/><\/div><\/a><\/div><\/div>\n\n\n\n<div id=\"section-g20c22c\" class=\"wp-block-gutentor-e0 section-g20c22c gutentor-element gutentor-element-advanced-text text-align-center-desktop text-align-center-tablet text-align-center-mobile\"><div class=\"gutentor-text-wrap\"><p class=\"gutentor-text\">DjUnieQ<\/p><\/div><\/div>\n<\/div><\/div>\n\n\n\n<div id=\"col-gm161b27\" class=\"wp-block-gutentor-m0-col col-gm161b27 gutentor-carousel-item\"><div id=\"section-gm161b27\" class=\"section-gm161b27 gutentor-col-wrap\">\n<div id=\"section-g349e09\" class=\"wp-block-gutentor-e6 section-g349e09 gutentor-element gutentor-element-image\"><div class=\"gutentor-element-image-box\"><a class=\"gutentor-element-image-link\" href=\"\/espanol\/\/go-green-products\/\"><div class=\"gutentor-image-thumb\"><img decoding=\"async\" class=\"normal-image\" src=\"https:\/\/www.ceawebs.com\/wp-content\/uploads\/2020\/04\/GoGreenProductsCA.jpg\" \/><\/div><\/a><\/div><\/div>\n\n\n\n<div id=\"section-g3e6f15\" class=\"wp-block-gutentor-e0 section-g3e6f15 gutentor-element gutentor-element-advanced-text text-align-center-desktop text-align-center-tablet text-align-center-mobile\"><div class=\"gutentor-text-wrap\"><p class=\"gutentor-text\">Green<\/p><\/div><\/div>\n<\/div><\/div>\n\n\n\n<div id=\"col-gm956a6d\" class=\"wp-block-gutentor-m0-col col-gm956a6d gutentor-carousel-item\"><div id=\"section-gm956a6d\" class=\"section-gm956a6d gutentor-col-wrap\">\n<div id=\"section-g99b46d\" class=\"wp-block-gutentor-e6 section-g99b46d gutentor-element gutentor-element-image\"><div class=\"gutentor-element-image-box\"><a class=\"gutentor-element-image-link\" href=\"\/espanol\/\/jugar-para-ayudar\/\"><div class=\"gutentor-image-thumb\"><img decoding=\"async\" class=\"normal-image\" src=\"https:\/\/www.ceawebs.com\/wp-content\/uploads\/2020\/04\/JugarParaAyudar.jpg\" \/><\/div><\/a><\/div><\/div>\n\n\n\n<div id=\"section-g5938a8\" class=\"wp-block-gutentor-e0 section-g5938a8 gutentor-element gutentor-element-advanced-text text-align-center-desktop text-align-center-tablet text-align-center-mobile\"><div class=\"gutentor-text-wrap\"><p class=\"gutentor-text\">Jugar<\/p><\/div><\/div>\n<\/div><\/div>\n\n\n\n<div id=\"col-gmf85a42\" class=\"wp-block-gutentor-m0-col col-gmf85a42 gutentor-carousel-item\"><div id=\"section-gmf85a42\" class=\"section-gmf85a42 gutentor-col-wrap\">\n<div id=\"section-g04b051\" class=\"wp-block-gutentor-e6 section-g04b051 gutentor-element gutentor-element-image\"><div class=\"gutentor-element-image-box\"><a class=\"gutentor-element-image-link\" href=\"\/espanol\/\/ed-pool-and-spa\/\"><div class=\"gutentor-image-thumb\"><img decoding=\"async\" class=\"normal-image\" src=\"https:\/\/www.ceawebs.com\/wp-content\/uploads\/2022\/01\/edPoolSpa.jpg\" \/><\/div><\/a><\/div><\/div>\n\n\n\n<div id=\"section-gf86f56\" class=\"wp-block-gutentor-e0 section-gf86f56 gutentor-element gutentor-element-advanced-text text-align-center-desktop text-align-center-tablet text-align-center-mobile\"><div class=\"gutentor-text-wrap\"><p class=\"gutentor-text\">EdPool<\/p><\/div><\/div>\n<\/div><\/div>\n\n\n\n<div id=\"col-gm3c39e8\" class=\"wp-block-gutentor-m0-col col-gm3c39e8 gutentor-carousel-item\"><div id=\"section-gm3c39e8\" class=\"section-gm3c39e8 gutentor-col-wrap\">\n<div id=\"section-g85b35f\" class=\"wp-block-gutentor-e6 section-g85b35f gutentor-element gutentor-element-image\"><div class=\"gutentor-element-image-box\"><a class=\"gutentor-element-image-link\" href=\"\/espanol\/\/eunice-nails\/\"><div class=\"gutentor-image-thumb\"><img decoding=\"async\" class=\"normal-image\" src=\"https:\/\/www.ceawebs.com\/wp-content\/uploads\/2022\/01\/euniceNails.jpg\" \/><\/div><\/a><\/div><\/div>\n\n\n\n<div id=\"section-g77a91c\" class=\"wp-block-gutentor-e0 section-g77a91c gutentor-element gutentor-element-advanced-text text-align-center-desktop text-align-center-tablet text-align-center-mobile\"><div class=\"gutentor-text-wrap\"><p class=\"gutentor-text\">Eunice<\/p><\/div><\/div>\n<\/div><\/div>\n\n\n\n<div id=\"col-gme0eb82\" class=\"wp-block-gutentor-m0-col col-gme0eb82 gutentor-carousel-item\"><div id=\"section-gme0eb82\" class=\"section-gme0eb82 gutentor-col-wrap\">\n<div id=\"section-ga707d3\" class=\"wp-block-gutentor-e6 section-ga707d3 gutentor-element gutentor-element-image\"><div class=\"gutentor-element-image-box\"><a class=\"gutentor-element-image-link\" href=\"\/espanol\/\/one-page-site\/\"><div class=\"gutentor-image-thumb\"><img decoding=\"async\" class=\"normal-image\" src=\"https:\/\/www.ceawebs.com\/wp-content\/uploads\/2020\/03\/onepagesite.jpg\" \/><\/div><\/a><\/div><\/div>\n\n\n\n<div id=\"section-gdd0418\" class=\"wp-block-gutentor-e0 section-gdd0418 gutentor-element gutentor-element-advanced-text\"><div class=\"gutentor-text-wrap\"><p class=\"gutentor-text\">One Page<\/p><\/div><\/div>\n<\/div><\/div>\n<\/div><\/div><\/section>\n","protected":false},"excerpt":{"rendered":"","protected":false},"author":1,"featured_media":219,"parent":0,"menu_order":0,"comment_status":"closed","ping_status":"closed","template":"","meta":{"_uag_custom_page_level_css":"","footnotes":""},"class_list":["post-36","page","type-page","status-publish","has-post-thumbnail","hentry"],"aioseo_notices":[],"uagb_featured_image_src":{"full":["https:\/\/ceawebs.com\/espanol\/wp-content\/uploads\/2020\/03\/amigos2018.jpg",1265,850,false],"thumbnail":["https:\/\/ceawebs.com\/espanol\/wp-content\/uploads\/2020\/03\/amigos2018-150x150.jpg",150,150,true],"medium":["https:\/\/ceawebs.com\/espanol\/wp-content\/uploads\/2020\/03\/amigos2018-300x202.jpg",300,202,true],"medium_large":["https:\/\/ceawebs.com\/espanol\/wp-content\/uploads\/2020\/03\/amigos2018-768x516.jpg",640,430,true],"large":["https:\/\/ceawebs.com\/espanol\/wp-content\/uploads\/2020\/03\/amigos2018-1024x688.jpg",640,430,true],"1536x1536":["https:\/\/ceawebs.com\/espanol\/wp-content\/uploads\/2020\/03\/amigos2018.jpg",1265,850,false],"2048x2048":["https:\/\/ceawebs.com\/espanol\/wp-content\/uploads\/2020\/03\/amigos2018.jpg",1265,850,false],"post-thumbnail":["https:\/\/ceawebs.com\/espanol\/wp-content\/uploads\/2020\/03\/amigos2018-340x240.jpg",340,240,true],"sow-carousel-default":["https:\/\/ceawebs.com\/espanol\/wp-content\/uploads\/2020\/03\/amigos2018-272x182.jpg",272,182,true]},"uagb_author_info":{"display_name":"Tato","author_link":"https:\/\/ceawebs.com\/espanol\/author\/cesareaguirre\/"},"uagb_comment_info":0,"uagb_excerpt":null,"_links":{"self":[{"href":"https:\/\/ceawebs.com\/espanol\/wp-json\/wp\/v2\/pages\/36","targetHints":{"allow":["GET"]}}],"collection":[{"href":"https:\/\/ceawebs.com\/espanol\/wp-json\/wp\/v2\/pages"}],"about":[{"href":"https:\/\/ceawebs.com\/espanol\/wp-json\/wp\/v2\/types\/page"}],"author":[{"embeddable":true,"href":"https:\/\/ceawebs.com\/espanol\/wp-json\/wp\/v2\/users\/1"}],"replies":[{"embeddable":true,"href":"https:\/\/ceawebs.com\/espanol\/wp-json\/wp\/v2\/comments?post=36"}],"version-history":[{"count":60,"href":"https:\/\/ceawebs.com\/espanol\/wp-json\/wp\/v2\/pages\/36\/revisions"}],"predecessor-version":[{"id":2343,"href":"https:\/\/ceawebs.com\/espanol\/wp-json\/wp\/v2\/pages\/36\/revisions\/2343"}],"wp:featuredmedia":[{"embeddable":true,"href":"https:\/\/ceawebs.com\/espanol\/wp-json\/wp\/v2\/media\/219"}],"wp:attachment":[{"href":"https:\/\/ceawebs.com\/espanol\/wp-json\/wp\/v2\/media?parent=36"}],"curies":[{"name":"wp","href":"https:\/\/api.w.org\/{rel}","templated":true}]}}