{"id":34,"date":"2018-07-16T10:55:23","date_gmt":"2018-07-16T10:55:23","guid":{"rendered":"http:\/\/demo.acmethemes.com\/lawyer-zone\/?page_id=119"},"modified":"2022-01-23T00:21:16","modified_gmt":"2022-01-23T00:21:16","slug":"ceaphotography","status":"publish","type":"page","link":"https:\/\/ceawebs.com\/espanol\/ceaphotography\/","title":{"rendered":"CEAphotography"},"content":{"rendered":"\n<div id=\"section-g11af9d\" class=\"wp-block-gutentor-e0 section-g11af9d gutentor-element gutentor-element-advanced-text text-align-center-desktop text-align-center-tablet text-align-center-mobile\"><div class=\"gutentor-text-wrap\"><h2 class=\"gutentor-text\">CEAphotography<\/h2><\/div><\/div>\n\n\n\n<section id=\"gme894f6f\" class=\"wp-block-gutentor-m2 section-gme894f6f gutentor-module gutentor-dynamic-columns\"><div class=\"grid-container\"><div class=\"grid-row\">\n<div id=\"col-gm3f7d29\" class=\"wp-block-gutentor-m2-col col-gm3f7d29 gutentor-module gutentor-dynamic-single-column grid-lg-6 grid-md-4 grid-12\"><div id=\"section-gm3f7d29\" class=\"section-gm3f7d29 gutentor-single-col\">\n<div id=\"section-gec9e2f\" class=\"wp-block-gutentor-e1 section-gec9e2f gutentor-element gutentor-element-advanced-text\"><div class=\"gutentor-text-wrap\"><p class=\"gutentor-text\">La fotograf\u00eda ha sido mi mayor pasi\u00f3n. Me encanta capturar y congelar un momento de la vida, con la intenci\u00f3n de convertirlo en un recuerdo perpetuo que trascienda las d\u00e9cadas y las generaciones por venir \u2026 A lo largo de los a\u00f1os y la experiencia en la vida, he llegado a la conclusi\u00f3n de que el amor y la pasi\u00f3n son las fuerzas m\u00e1s fuertes que mueven el mundo.<br><br>Muchos ya conocen la pasi\u00f3n de la que estoy hablando, y para los que me est\u00e1n conociendo, cr\u00e9anme, \u00a1la tendr\u00e1n muy pronto! He sido bendecido m\u00e1s all\u00e1 de la imaginaci\u00f3n de que las palabras no pueden contener la magnitud del concepto que estoy tratando de transmitir en estas l\u00edneas.<br><br>CEAphotoghapy.com es el sitio web que creamos para nuestros servicios de fotograf\u00eda.<br>&nbsp;<\/p><\/div><\/div>\n<\/div><\/div>\n\n\n\n<div id=\"col-gmd601a0\" class=\"wp-block-gutentor-m2-col col-gmd601a0 gutentor-module gutentor-dynamic-single-column grid-lg-6 grid-md-4 grid-12\"><div id=\"section-gmd601a0\" class=\"section-gmd601a0 gutentor-single-col\">\n<div id=\"section-g9f3e7f\" class=\"wp-block-gutentor-e6 section-g9f3e7f gutentor-element gutentor-element-image\"><div class=\"gutentor-element-image-box\"><a class=\"gutentor-element-image-link\" href=\"http:\/\/www.ceaphotography.com\" target=\"_blank\" rel=\"noopener noreferrer\"><div class=\"gutentor-image-thumb\"><img decoding=\"async\" class=\"normal-image\" src=\"https:\/\/www.ceawebs.com\/espanol\/wp-content\/uploads\/2020\/03\/ceaphoto.jpg\" \/><\/div><\/a><\/div><\/div>\n\n\n\n<div id=\"section-g55ea9e\" class=\"wp-block-gutentor-e1 section-g55ea9e gutentor-element gutentor-element-advanced-text text-align-center-desktop text-align-center-tablet text-align-center-mobile\"><div class=\"gutentor-text-wrap\"><h3 class=\"gutentor-text\"><br>Para m\u00e1s informaci\u00f3n visite aqu\u00ed:<\/h3><\/div><\/div>\n\n\n\n<div id=\"section-g57ab3c\" class=\"wp-block-gutentor-e1 section-g57ab3c gutentor-element gutentor-element-advanced-text text-align-center-desktop text-align-center-tablet text-align-center-mobile\"><div class=\"gutentor-text-wrap\"><h3 class=\"gutentor-text\"><a rel=\"noreferrer noopener\" href=\"https:\/\/www.ceaphotography.com\/\" target=\"_blank\" class=\"aioseop-link\">www.CEAphotography.com<\/a><\/h3><\/div><\/div>\n<\/div><\/div>\n<\/div><\/div><\/section>\n\n\n\n<div id=\"section-ge4cb46\" class=\"wp-block-gutentor-e0 section-ge4cb46 gutentor-element gutentor-element-advanced-text text-align-center-desktop text-align-center-tablet text-align-center-mobile\"><div class=\"gutentor-text-wrap\"><h1 class=\"gutentor-text\"><\/h1><\/div><\/div>\n\n\n\n<div id=\"section-g08b0e1\" class=\"wp-block-gutentor-e0 section-g08b0e1 gutentor-element gutentor-element-advanced-text text-align-center-desktop text-align-center-tablet text-align-center-mobile\"><div class=\"gutentor-text-wrap\"><h2 class=\"gutentor-text\">Mas Clientes!<\/h2><\/div><\/div>\n\n\n\n<section id=\"gm82c21ac\" class=\"wp-block-gutentor-m0 section-gm82c21ac gutentor-module gutentor-module-carousel gutentor-slick-a-default-desktop gutentor-slick-a-default-tablet gutentor-slick-a-default-mobile\"><div class=\"grid-container\"><div class=\"gutentor-module-carousel-row\" data-dots=\"true\" data-dotstablet=\"false\" data-dotsmobile=\"false\" data-arrows=\"true\" data-arrowstablet=\"true\" data-arrowsmobile=\"true\" data-infinite=\"false\" data-autoplay=\"false\" data-draggable=\"true\" data-pauseonfocus=\"true\" data-pauseonhover=\"true\" data-autoplayspeed=\"3000\" data-cmondesktop=\"false\" data-cmontablet=\"false\" data-cmonmobile=\"false\" data-nextarrow=\"fas fa-angle-right\" data-prevarrow=\"fas fa-angle-left\" data-arrowspositiondesktop=\"gutentor-slick-a-default-desktop\" data-arrowspositiontablet=\"gutentor-slick-a-default-tablet\" data-arrowspositionmobile=\"gutentor-slick-a-default-mobile\" data-speed=\"300\" data-slideitemdesktop=\"9\" data-slideitemtablet=\"3\" data-slideitemmobile=\"2\" data-slidescroll-desktop=\"3\" data-slidescroll-tablet=\"3\" data-slidescroll-mobile=\"2\">\n<div id=\"col-gmc9bb6f\" class=\"wp-block-gutentor-m0-col col-gmc9bb6f gutentor-carousel-item\"><div id=\"section-gmc9bb6f\" class=\"section-gmc9bb6f gutentor-col-wrap\">\n<div id=\"section-g87a85a\" class=\"wp-block-gutentor-e6 section-g87a85a gutentor-element gutentor-element-image\"><div class=\"gutentor-element-image-box\"><a class=\"gutentor-element-image-link\" href=\"\/espanol\/\/aben\/\"><div class=\"gutentor-image-thumb\"><img decoding=\"async\" class=\"normal-image\" src=\"https:\/\/www.ceawebs.com\/wp-content\/uploads\/2020\/03\/aben.jpg\" \/><\/div><\/a><\/div><\/div>\n\n\n\n<div id=\"section-g42d5ae\" class=\"wp-block-gutentor-e1 section-g42d5ae gutentor-element gutentor-element-advanced-text text-align-center-desktop text-align-center-tablet text-align-center-mobile\"><div class=\"gutentor-text-wrap\"><p class=\"gutentor-text\">Aben<\/p><\/div><\/div>\n<\/div><\/div>\n\n\n\n<div id=\"col-gmbc813f\" class=\"wp-block-gutentor-m0-col col-gmbc813f gutentor-carousel-item\"><div id=\"section-gmbc813f\" class=\"section-gmbc813f gutentor-col-wrap\">\n<div id=\"section-g9b05e9\" class=\"wp-block-gutentor-e6 section-g9b05e9 gutentor-element gutentor-element-image\"><div class=\"gutentor-element-image-box\"><a class=\"gutentor-element-image-link\" href=\"\/espanol\/\/amigos\/\"><div class=\"gutentor-image-thumb\"><img decoding=\"async\" class=\"normal-image\" src=\"https:\/\/www.ceawebs.com\/wp-content\/uploads\/2020\/03\/amigos2018.jpg\" \/><\/div><\/a><\/div><\/div>\n\n\n\n<div id=\"section-gcdd99f\" class=\"wp-block-gutentor-e1 section-gcdd99f gutentor-element gutentor-element-advanced-text text-align-center-desktop text-align-center-tablet text-align-center-mobile\"><div class=\"gutentor-text-wrap\"><p class=\"gutentor-text\">Amigos<\/p><\/div><\/div>\n<\/div><\/div>\n\n\n\n<div id=\"col-gm241217\" class=\"wp-block-gutentor-m0-col col-gm241217 gutentor-carousel-item\"><div id=\"section-gm241217\" class=\"section-gm241217 gutentor-col-wrap\">\n<div id=\"section-gfcdd8d\" class=\"wp-block-gutentor-e6 section-gfcdd8d gutentor-element gutentor-element-image\"><div class=\"gutentor-element-image-box\"><a class=\"gutentor-element-image-link\" href=\"\/espanol\/\/dj-unieq\/\"><div class=\"gutentor-image-thumb\"><img decoding=\"async\" class=\"normal-image\" src=\"https:\/\/www.ceawebs.com\/wp-content\/uploads\/2020\/12\/DjUnieQ.jpg\" \/><\/div><\/a><\/div><\/div>\n\n\n\n<div id=\"section-gf319c5\" class=\"wp-block-gutentor-e0 section-gf319c5 gutentor-element gutentor-element-advanced-text text-align-center-desktop text-align-center-tablet text-align-center-mobile\"><div class=\"gutentor-text-wrap\"><p class=\"gutentor-text\">DjUnieQ<\/p><\/div><\/div>\n<\/div><\/div>\n\n\n\n<div id=\"col-gm1804dc\" class=\"wp-block-gutentor-m0-col col-gm1804dc gutentor-carousel-item\"><div id=\"section-gm1804dc\" class=\"section-gm1804dc gutentor-col-wrap\">\n<div id=\"section-g65a5b8\" class=\"wp-block-gutentor-e6 section-g65a5b8 gutentor-element gutentor-element-image\"><div class=\"gutentor-element-image-box\"><a class=\"gutentor-element-image-link\" href=\"\/espanol\/\/go-green-products\/\"><div class=\"gutentor-image-thumb\"><img decoding=\"async\" class=\"normal-image\" src=\"https:\/\/www.ceawebs.com\/wp-content\/uploads\/2020\/04\/GoGreenProductsCA.jpg\" \/><\/div><\/a><\/div><\/div>\n\n\n\n<div id=\"section-ga6c362\" class=\"wp-block-gutentor-e0 section-ga6c362 gutentor-element gutentor-element-advanced-text text-align-center-desktop text-align-center-tablet text-align-center-mobile\"><div class=\"gutentor-text-wrap\"><p class=\"gutentor-text\">Green<\/p><\/div><\/div>\n<\/div><\/div>\n\n\n\n<div id=\"col-gm7b5487\" class=\"wp-block-gutentor-m0-col col-gm7b5487 gutentor-carousel-item\"><div id=\"section-gm7b5487\" class=\"section-gm7b5487 gutentor-col-wrap\">\n<div id=\"section-gaa01e9\" class=\"wp-block-gutentor-e6 section-gaa01e9 gutentor-element gutentor-element-image\"><div class=\"gutentor-element-image-box\"><a class=\"gutentor-element-image-link\" href=\"\/espanol\/\/jugar-para-ayudar\/\"><div class=\"gutentor-image-thumb\"><img decoding=\"async\" class=\"normal-image\" src=\"https:\/\/www.ceawebs.com\/wp-content\/uploads\/2020\/04\/JugarParaAyudar.jpg\" \/><\/div><\/a><\/div><\/div>\n\n\n\n<div id=\"section-g31b508\" class=\"wp-block-gutentor-e0 section-g31b508 gutentor-element gutentor-element-advanced-text text-align-center-desktop text-align-center-tablet text-align-center-mobile\"><div class=\"gutentor-text-wrap\"><p class=\"gutentor-text\">Jugar<\/p><\/div><\/div>\n<\/div><\/div>\n\n\n\n<div id=\"col-gm20e0b4\" class=\"wp-block-gutentor-m0-col col-gm20e0b4 gutentor-carousel-item\"><div id=\"section-gm20e0b4\" class=\"section-gm20e0b4 gutentor-col-wrap\">\n<div id=\"section-gb5d887\" class=\"wp-block-gutentor-e6 section-gb5d887 gutentor-element gutentor-element-image\"><div class=\"gutentor-element-image-box\"><a class=\"gutentor-element-image-link\" href=\"\/espanol\/\/ed-pool-and-spa\/\"><div class=\"gutentor-image-thumb\"><img decoding=\"async\" class=\"normal-image\" src=\"https:\/\/www.ceawebs.com\/wp-content\/uploads\/2022\/01\/edPoolSpa.jpg\" \/><\/div><\/a><\/div><\/div>\n\n\n\n<div id=\"section-gd0ddc8\" class=\"wp-block-gutentor-e0 section-gd0ddc8 gutentor-element gutentor-element-advanced-text text-align-center-desktop text-align-center-tablet text-align-center-mobile\"><div class=\"gutentor-text-wrap\"><p class=\"gutentor-text\">EdPool<\/p><\/div><\/div>\n<\/div><\/div>\n\n\n\n<div id=\"col-gmfaa227\" class=\"wp-block-gutentor-m0-col col-gmfaa227 gutentor-carousel-item\"><div id=\"section-gmfaa227\" class=\"section-gmfaa227 gutentor-col-wrap\">\n<div id=\"section-g1e0a44\" class=\"wp-block-gutentor-e6 section-g1e0a44 gutentor-element gutentor-element-image\"><div class=\"gutentor-element-image-box\"><a class=\"gutentor-element-image-link\" href=\"\/espanol\/\/eunice-nails\/\"><div class=\"gutentor-image-thumb\"><img decoding=\"async\" class=\"normal-image\" src=\"https:\/\/www.ceawebs.com\/wp-content\/uploads\/2022\/01\/euniceNails.jpg\" \/><\/div><\/a><\/div><\/div>\n\n\n\n<div id=\"section-g52caf5\" class=\"wp-block-gutentor-e0 section-g52caf5 gutentor-element gutentor-element-advanced-text text-align-center-desktop text-align-center-tablet text-align-center-mobile\"><div class=\"gutentor-text-wrap\"><p class=\"gutentor-text\">Eunice<\/p><\/div><\/div>\n<\/div><\/div>\n\n\n\n<div id=\"col-gm882f8c\" class=\"wp-block-gutentor-m0-col col-gm882f8c gutentor-carousel-item\"><div id=\"section-gm882f8c\" class=\"section-gm882f8c gutentor-col-wrap\">\n<div id=\"section-g47fefb\" class=\"wp-block-gutentor-e6 section-g47fefb gutentor-element gutentor-element-image\"><div class=\"gutentor-element-image-box\"><a class=\"gutentor-element-image-link\" href=\"\/espanol\/\/one-page-site\/\"><div class=\"gutentor-image-thumb\"><img decoding=\"async\" class=\"normal-image\" src=\"https:\/\/www.ceawebs.com\/wp-content\/uploads\/2020\/03\/onepagesite.jpg\" \/><\/div><\/a><\/div><\/div>\n\n\n\n<div id=\"section-g4223ac\" class=\"wp-block-gutentor-e0 section-g4223ac gutentor-element gutentor-element-advanced-text\"><div class=\"gutentor-text-wrap\"><p class=\"gutentor-text\">One Page<\/p><\/div><\/div>\n<\/div><\/div>\n<\/div><\/div><\/section>\n","protected":false},"excerpt":{"rendered":"","protected":false},"author":1,"featured_media":227,"parent":0,"menu_order":0,"comment_status":"closed","ping_status":"closed","template":"","meta":{"_uag_custom_page_level_css":"","footnotes":""},"class_list":["post-34","page","type-page","status-publish","has-post-thumbnail","hentry"],"aioseo_notices":[],"uagb_featured_image_src":{"full":["https:\/\/ceawebs.com\/espanol\/wp-content\/uploads\/2020\/03\/ceaphoto.jpg",1265,850,false],"thumbnail":["https:\/\/ceawebs.com\/espanol\/wp-content\/uploads\/2020\/03\/ceaphoto-150x150.jpg",150,150,true],"medium":["https:\/\/ceawebs.com\/espanol\/wp-content\/uploads\/2020\/03\/ceaphoto-300x202.jpg",300,202,true],"medium_large":["https:\/\/ceawebs.com\/espanol\/wp-content\/uploads\/2020\/03\/ceaphoto-768x516.jpg",640,430,true],"large":["https:\/\/ceawebs.com\/espanol\/wp-content\/uploads\/2020\/03\/ceaphoto-1024x688.jpg",640,430,true],"1536x1536":["https:\/\/ceawebs.com\/espanol\/wp-content\/uploads\/2020\/03\/ceaphoto.jpg",1265,850,false],"2048x2048":["https:\/\/ceawebs.com\/espanol\/wp-content\/uploads\/2020\/03\/ceaphoto.jpg",1265,850,false],"post-thumbnail":["https:\/\/ceawebs.com\/espanol\/wp-content\/uploads\/2020\/03\/ceaphoto-340x240.jpg",340,240,true],"sow-carousel-default":["https:\/\/ceawebs.com\/espanol\/wp-content\/uploads\/2020\/03\/ceaphoto-272x182.jpg",272,182,true]},"uagb_author_info":{"display_name":"Tato","author_link":"https:\/\/ceawebs.com\/espanol\/author\/cesareaguirre\/"},"uagb_comment_info":0,"uagb_excerpt":null,"_links":{"self":[{"href":"https:\/\/ceawebs.com\/espanol\/wp-json\/wp\/v2\/pages\/34","targetHints":{"allow":["GET"]}}],"collection":[{"href":"https:\/\/ceawebs.com\/espanol\/wp-json\/wp\/v2\/pages"}],"about":[{"href":"https:\/\/ceawebs.com\/espanol\/wp-json\/wp\/v2\/types\/page"}],"author":[{"embeddable":true,"href":"https:\/\/ceawebs.com\/espanol\/wp-json\/wp\/v2\/users\/1"}],"replies":[{"embeddable":true,"href":"https:\/\/ceawebs.com\/espanol\/wp-json\/wp\/v2\/comments?post=34"}],"version-history":[{"count":42,"href":"https:\/\/ceawebs.com\/espanol\/wp-json\/wp\/v2\/pages\/34\/revisions"}],"predecessor-version":[{"id":2344,"href":"https:\/\/ceawebs.com\/espanol\/wp-json\/wp\/v2\/pages\/34\/revisions\/2344"}],"wp:featuredmedia":[{"embeddable":true,"href":"https:\/\/ceawebs.com\/espanol\/wp-json\/wp\/v2\/media\/227"}],"wp:attachment":[{"href":"https:\/\/ceawebs.com\/espanol\/wp-json\/wp\/v2\/media?parent=34"}],"curies":[{"name":"wp","href":"https:\/\/api.w.org\/{rel}","templated":true}]}}