{"id":233,"date":"2020-03-31T20:15:02","date_gmt":"2020-03-31T20:15:02","guid":{"rendered":"https:\/\/ceaphotography.com\/WPpractice\/?page_id=233"},"modified":"2022-01-23T00:19:49","modified_gmt":"2022-01-23T00:19:49","slug":"aben","status":"publish","type":"page","link":"https:\/\/ceawebs.com\/espanol\/aben\/","title":{"rendered":"Aben"},"content":{"rendered":"\n<div id=\"section-ge3e444\" class=\"wp-block-gutentor-e0 section-ge3e444 gutentor-element gutentor-element-advanced-text text-align-center-desktop text-align-center-tablet text-align-center-mobile\"><div class=\"gutentor-text-wrap\"><h2 class=\"gutentor-text\">Aben<\/h2><\/div><\/div>\n\n\n\n<section id=\"gm02bfc1c\" class=\"wp-block-gutentor-m2 alignwide section-gm02bfc1c gutentor-module gutentor-dynamic-columns\"><div class=\"grid-container\"><div class=\"grid-row\">\n<div id=\"col-gm6f937c\" class=\"wp-block-gutentor-m2-col col-gm6f937c gutentor-module gutentor-dynamic-single-column grid-lg-6 grid-md-4 grid-12\"><div id=\"section-gm6f937c\" class=\"section-gm6f937c gutentor-single-col\">\n<div id=\"section-g48bd90\" class=\"wp-block-gutentor-e1 section-g48bd90 gutentor-element gutentor-element-advanced-text\"><div class=\"gutentor-text-wrap\"><p class=\"gutentor-text\">ha fabricado piezas para motores turbo, interruptores autom\u00e1ticos, bombas, accesorios de tuber\u00eda, de microondas y estaciones de telefon\u00eda inalambrica, transmisores, rodamientos, piezas de avi\u00f3n, partes de herrajes de sat\u00e9lite y conectores, partes y piezas para los generadores que se utilizan en la inyecci\u00f3n de tinta y las impresoras laser.<br><br>ABEN ha entrado en producci\u00f3n de cientos de piezas para la fabricaci\u00f3n de un prototipo \u00fanico en su fase de prueba inicial. Trabajamos duro para cumplir con los plazos y las fechas de entrega prometidas.<\/p><\/div><\/div>\n\n\n\n<div id=\"section-gcad399\" class=\"wp-block-gutentor-e1 section-gcad399 gutentor-element gutentor-element-advanced-text\"><div class=\"gutentor-text-wrap\"><h3 class=\"gutentor-text\">Testimonio<\/h3><\/div><\/div>\n\n\n\n<div id=\"section-gde0d9a\" class=\"wp-block-gutentor-e1 section-gde0d9a gutentor-element gutentor-element-advanced-text\"><div class=\"gutentor-text-wrap\"><p class=\"gutentor-text\">&#8220;Productos de Maquinaria Aben es una empresa de r\u00e1pido crecimiento que esta constantemente actualizando programas y maquinaria para mantenerse con las necesidades de hoy en d\u00eda.<br><br>Por esta raz\u00f3n nos pusimos en contacto con C.E.A.webs para mejorar nuestro sitio en el internet para ir de la mano con nuestra tecnologia.<br><br>C.E.A.webs cumplio con las necesidades de Aben de publicar nuestro trabajo.<br>Gracias por el excelente trabajo C.E.A.webs!&#8221;<br><br>Esdras Giron<br>Vice-Presidente.\/mfg\/eng.<br>ABEN<\/p><\/div><\/div>\n<\/div><\/div>\n\n\n\n<div id=\"col-gm8418df\" class=\"wp-block-gutentor-m2-col col-gm8418df gutentor-module gutentor-dynamic-single-column grid-lg-6 grid-md-4 grid-12\"><div id=\"section-gm8418df\" class=\"section-gm8418df gutentor-single-col\">\n<div id=\"section-gb69837\" class=\"wp-block-gutentor-e6 section-gb69837 gutentor-element gutentor-element-image\"><div class=\"gutentor-element-image-box\"><a class=\"gutentor-element-image-link\" href=\"http:\/\/www.abenusa.com\" target=\"_blank\" rel=\"noopener noreferrer\"><div class=\"gutentor-image-thumb\"><img decoding=\"async\" class=\"normal-image\" src=\"https:\/\/www.ceawebs.com\/espanol\/wp-content\/uploads\/2020\/12\/Aben2020.jpg\" \/><\/div><\/a><\/div><\/div>\n\n\n\n<div id=\"section-gd146d6\" class=\"wp-block-gutentor-e1 section-gd146d6 gutentor-element gutentor-element-advanced-text text-align-center-desktop text-align-center-tablet text-align-center-mobile\"><div class=\"gutentor-text-wrap\"><h3 class=\"gutentor-text\"><br>Para m\u00e1s informaci\u00f3n visite aqu\u00ed:<\/h3><\/div><\/div>\n\n\n\n<div id=\"section-gd36b36\" class=\"wp-block-gutentor-e1 section-gd36b36 gutentor-element gutentor-element-advanced-text text-align-center-desktop text-align-center-tablet text-align-center-mobile\"><div class=\"gutentor-text-wrap\"><h3 class=\"gutentor-text\"><a rel=\"noreferrer noopener\" href=\"https:\/\/www.abenusa.com\/\" target=\"_blank\">www.abenusa.com<\/a><\/h3><\/div><\/div>\n<\/div><\/div>\n<\/div><\/div><\/section>\n\n\n\n<div id=\"section-gca24f9\" class=\"wp-block-gutentor-e0 section-gca24f9 gutentor-element gutentor-element-advanced-text text-align-center-desktop text-align-center-tablet text-align-center-mobile\"><div class=\"gutentor-text-wrap\"><h1 class=\"gutentor-text\"><\/h1><\/div><\/div>\n\n\n\n<div id=\"section-g5d5070\" class=\"wp-block-gutentor-e0 section-g5d5070 gutentor-element gutentor-element-advanced-text text-align-center-desktop text-align-center-tablet text-align-center-mobile\"><div class=\"gutentor-text-wrap\"><h2 class=\"gutentor-text\">Mas Clientes!<\/h2><\/div><\/div>\n\n\n\n<section id=\"gm84e041d\" class=\"wp-block-gutentor-m0 section-gm84e041d gutentor-module gutentor-module-carousel gutentor-slick-a-default-desktop gutentor-slick-a-default-tablet gutentor-slick-a-default-mobile\"><div class=\"grid-container\"><div class=\"gutentor-module-carousel-row\" data-dots=\"true\" data-dotstablet=\"false\" data-dotsmobile=\"false\" data-arrows=\"true\" data-arrowstablet=\"true\" data-arrowsmobile=\"true\" data-infinite=\"false\" data-autoplay=\"false\" data-draggable=\"true\" data-pauseonfocus=\"true\" data-pauseonhover=\"true\" data-autoplayspeed=\"3000\" data-cmondesktop=\"false\" data-cmontablet=\"false\" data-cmonmobile=\"false\" data-nextarrow=\"fas fa-angle-right\" data-prevarrow=\"fas fa-angle-left\" data-arrowspositiondesktop=\"gutentor-slick-a-default-desktop\" data-arrowspositiontablet=\"gutentor-slick-a-default-tablet\" data-arrowspositionmobile=\"gutentor-slick-a-default-mobile\" data-speed=\"300\" data-slideitemdesktop=\"9\" data-slideitemtablet=\"3\" data-slideitemmobile=\"2\" data-slidescroll-desktop=\"3\" data-slidescroll-tablet=\"3\" data-slidescroll-mobile=\"2\">\n<div id=\"col-gm5065c0\" class=\"wp-block-gutentor-m0-col col-gm5065c0 gutentor-carousel-item\"><div id=\"section-gm5065c0\" class=\"section-gm5065c0 gutentor-col-wrap\">\n<div id=\"section-g3ba9d3\" class=\"wp-block-gutentor-e6 section-g3ba9d3 gutentor-element gutentor-element-image\"><div class=\"gutentor-element-image-box\"><a class=\"gutentor-element-image-link\" href=\"\/espanol\/\/amigos\/\"><div class=\"gutentor-image-thumb\"><img decoding=\"async\" class=\"normal-image\" src=\"https:\/\/www.ceawebs.com\/wp-content\/uploads\/2020\/03\/amigos2018.jpg\" \/><\/div><\/a><\/div><\/div>\n\n\n\n<div id=\"section-g210d3b\" class=\"wp-block-gutentor-e1 section-g210d3b gutentor-element gutentor-element-advanced-text text-align-center-desktop text-align-center-tablet text-align-center-mobile\"><div class=\"gutentor-text-wrap\"><p class=\"gutentor-text\">Amigos<\/p><\/div><\/div>\n<\/div><\/div>\n\n\n\n<div id=\"col-gm559a9c\" class=\"wp-block-gutentor-m0-col col-gm559a9c gutentor-carousel-item\"><div id=\"section-gm559a9c\" class=\"section-gm559a9c gutentor-col-wrap\">\n<div id=\"section-gad0658\" class=\"wp-block-gutentor-e6 section-gad0658 gutentor-element gutentor-element-image\"><div class=\"gutentor-element-image-box\"><a class=\"gutentor-element-image-link\" href=\"\/espanol\/\/ceaphotography\/\"><div class=\"gutentor-image-thumb\"><img decoding=\"async\" class=\"normal-image\" src=\"https:\/\/www.ceawebs.com\/wp-content\/uploads\/2020\/03\/ceaphoto.jpg\" \/><\/div><\/a><\/div><\/div>\n\n\n\n<div id=\"section-g9a022b\" class=\"wp-block-gutentor-e0 section-g9a022b gutentor-element gutentor-element-advanced-text text-align-center-desktop text-align-center-tablet text-align-center-mobile\"><div class=\"gutentor-text-wrap\"><p class=\"gutentor-text\">CEAphoto<\/p><\/div><\/div>\n<\/div><\/div>\n\n\n\n<div id=\"col-gmaef2a7\" class=\"wp-block-gutentor-m0-col col-gmaef2a7 gutentor-carousel-item\"><div id=\"section-gmaef2a7\" class=\"section-gmaef2a7 gutentor-col-wrap\">\n<div id=\"section-g446544\" class=\"wp-block-gutentor-e6 section-g446544 gutentor-element gutentor-element-image\"><div class=\"gutentor-element-image-box\"><a class=\"gutentor-element-image-link\" href=\"\/espanol\/\/dj-unieq\/\"><div class=\"gutentor-image-thumb\"><img decoding=\"async\" class=\"normal-image\" src=\"https:\/\/www.ceawebs.com\/wp-content\/uploads\/2020\/12\/DjUnieQ.jpg\" \/><\/div><\/a><\/div><\/div>\n\n\n\n<div id=\"section-g071cbe\" class=\"wp-block-gutentor-e0 section-g071cbe gutentor-element gutentor-element-advanced-text text-align-center-desktop text-align-center-tablet text-align-center-mobile\"><div class=\"gutentor-text-wrap\"><p class=\"gutentor-text\">DjUnieQ<\/p><\/div><\/div>\n<\/div><\/div>\n\n\n\n<div id=\"col-gme7f8ac\" class=\"wp-block-gutentor-m0-col col-gme7f8ac gutentor-carousel-item\"><div id=\"section-gme7f8ac\" class=\"section-gme7f8ac gutentor-col-wrap\">\n<div id=\"section-gaf319a\" class=\"wp-block-gutentor-e6 section-gaf319a gutentor-element gutentor-element-image\"><div class=\"gutentor-element-image-box\"><a class=\"gutentor-element-image-link\" href=\"\/espanol\/\/go-green-products\/\"><div class=\"gutentor-image-thumb\"><img decoding=\"async\" class=\"normal-image\" src=\"https:\/\/www.ceawebs.com\/wp-content\/uploads\/2020\/04\/GoGreenProductsCA.jpg\" \/><\/div><\/a><\/div><\/div>\n\n\n\n<div id=\"section-g077c0e\" class=\"wp-block-gutentor-e0 section-g077c0e gutentor-element gutentor-element-advanced-text text-align-center-desktop text-align-center-tablet text-align-center-mobile\"><div class=\"gutentor-text-wrap\"><p class=\"gutentor-text\">Green<\/p><\/div><\/div>\n<\/div><\/div>\n\n\n\n<div id=\"col-gme5a419\" class=\"wp-block-gutentor-m0-col col-gme5a419 gutentor-carousel-item\"><div id=\"section-gme5a419\" class=\"section-gme5a419 gutentor-col-wrap\">\n<div id=\"section-gef49eb\" class=\"wp-block-gutentor-e6 section-gef49eb gutentor-element gutentor-element-image\"><div class=\"gutentor-element-image-box\"><a class=\"gutentor-element-image-link\" href=\"\/espanol\/\/jugar-para-ayudar\/\"><div class=\"gutentor-image-thumb\"><img decoding=\"async\" class=\"normal-image\" src=\"https:\/\/www.ceawebs.com\/wp-content\/uploads\/2020\/04\/JugarParaAyudar.jpg\" \/><\/div><\/a><\/div><\/div>\n\n\n\n<div id=\"section-g9cb8d0\" class=\"wp-block-gutentor-e0 section-g9cb8d0 gutentor-element gutentor-element-advanced-text text-align-center-desktop text-align-center-tablet text-align-center-mobile\"><div class=\"gutentor-text-wrap\"><p class=\"gutentor-text\">Jugar<\/p><\/div><\/div>\n<\/div><\/div>\n\n\n\n<div id=\"col-gmb0522b\" class=\"wp-block-gutentor-m0-col col-gmb0522b gutentor-carousel-item\"><div id=\"section-gmb0522b\" class=\"section-gmb0522b gutentor-col-wrap\">\n<div id=\"section-gda5317\" class=\"wp-block-gutentor-e6 section-gda5317 gutentor-element gutentor-element-image\"><div class=\"gutentor-element-image-box\"><a class=\"gutentor-element-image-link\" href=\"\/espanol\/\/ed-pool-and-spa\/\"><div class=\"gutentor-image-thumb\"><img decoding=\"async\" class=\"normal-image\" src=\"https:\/\/www.ceawebs.com\/wp-content\/uploads\/2022\/01\/edPoolSpa.jpg\" \/><\/div><\/a><\/div><\/div>\n\n\n\n<div id=\"section-g965067\" class=\"wp-block-gutentor-e0 section-g965067 gutentor-element gutentor-element-advanced-text text-align-center-desktop text-align-center-tablet text-align-center-mobile\"><div class=\"gutentor-text-wrap\"><p class=\"gutentor-text\">EdPool<\/p><\/div><\/div>\n<\/div><\/div>\n\n\n\n<div id=\"col-gmc74514\" class=\"wp-block-gutentor-m0-col col-gmc74514 gutentor-carousel-item\"><div id=\"section-gmc74514\" class=\"section-gmc74514 gutentor-col-wrap\">\n<div id=\"section-g109477\" class=\"wp-block-gutentor-e6 section-g109477 gutentor-element gutentor-element-image\"><div class=\"gutentor-element-image-box\"><a class=\"gutentor-element-image-link\" href=\"\/espanol\/\/eunice-nails\/\"><div class=\"gutentor-image-thumb\"><img decoding=\"async\" class=\"normal-image\" src=\"https:\/\/www.ceawebs.com\/wp-content\/uploads\/2022\/01\/euniceNails.jpg\" \/><\/div><\/a><\/div><\/div>\n\n\n\n<div id=\"section-ga01ba8\" class=\"wp-block-gutentor-e0 section-ga01ba8 gutentor-element gutentor-element-advanced-text text-align-center-desktop text-align-center-tablet text-align-center-mobile\"><div class=\"gutentor-text-wrap\"><p class=\"gutentor-text\">Eunice<\/p><\/div><\/div>\n<\/div><\/div>\n\n\n\n<div id=\"col-gm2a2531\" class=\"wp-block-gutentor-m0-col col-gm2a2531 gutentor-carousel-item\"><div id=\"section-gm2a2531\" class=\"section-gm2a2531 gutentor-col-wrap\">\n<div id=\"section-g8d6648\" class=\"wp-block-gutentor-e6 section-g8d6648 gutentor-element gutentor-element-image\"><div class=\"gutentor-element-image-box\"><a class=\"gutentor-element-image-link\" href=\"\/espanol\/\/one-page-site\/\"><div class=\"gutentor-image-thumb\"><img decoding=\"async\" class=\"normal-image\" src=\"https:\/\/www.ceawebs.com\/wp-content\/uploads\/2020\/03\/onepagesite.jpg\" \/><\/div><\/a><\/div><\/div>\n\n\n\n<div id=\"section-g7a3274\" class=\"wp-block-gutentor-e0 section-g7a3274 gutentor-element gutentor-element-advanced-text\"><div class=\"gutentor-text-wrap\"><p class=\"gutentor-text\">One Page<\/p><\/div><\/div>\n<\/div><\/div>\n<\/div><\/div><\/section>\n","protected":false},"excerpt":{"rendered":"","protected":false},"author":1,"featured_media":2318,"parent":0,"menu_order":0,"comment_status":"closed","ping_status":"closed","template":"","meta":{"_uag_custom_page_level_css":"","footnotes":""},"class_list":["post-233","page","type-page","status-publish","has-post-thumbnail","hentry"],"aioseo_notices":[],"uagb_featured_image_src":{"full":["https:\/\/ceawebs.com\/espanol\/wp-content\/uploads\/2020\/12\/Aben2020.jpg",1265,850,false],"thumbnail":["https:\/\/ceawebs.com\/espanol\/wp-content\/uploads\/2020\/12\/Aben2020-150x150.jpg",150,150,true],"medium":["https:\/\/ceawebs.com\/espanol\/wp-content\/uploads\/2020\/12\/Aben2020-300x202.jpg",300,202,true],"medium_large":["https:\/\/ceawebs.com\/espanol\/wp-content\/uploads\/2020\/12\/Aben2020-768x516.jpg",640,430,true],"large":["https:\/\/ceawebs.com\/espanol\/wp-content\/uploads\/2020\/12\/Aben2020-1024x688.jpg",640,430,true],"1536x1536":["https:\/\/ceawebs.com\/espanol\/wp-content\/uploads\/2020\/12\/Aben2020.jpg",1265,850,false],"2048x2048":["https:\/\/ceawebs.com\/espanol\/wp-content\/uploads\/2020\/12\/Aben2020.jpg",1265,850,false],"post-thumbnail":["https:\/\/ceawebs.com\/espanol\/wp-content\/uploads\/2020\/12\/Aben2020-340x240.jpg",340,240,true],"sow-carousel-default":["https:\/\/ceawebs.com\/espanol\/wp-content\/uploads\/2020\/12\/Aben2020-272x182.jpg",272,182,true]},"uagb_author_info":{"display_name":"Tato","author_link":"https:\/\/ceawebs.com\/espanol\/author\/cesareaguirre\/"},"uagb_comment_info":0,"uagb_excerpt":null,"_links":{"self":[{"href":"https:\/\/ceawebs.com\/espanol\/wp-json\/wp\/v2\/pages\/233","targetHints":{"allow":["GET"]}}],"collection":[{"href":"https:\/\/ceawebs.com\/espanol\/wp-json\/wp\/v2\/pages"}],"about":[{"href":"https:\/\/ceawebs.com\/espanol\/wp-json\/wp\/v2\/types\/page"}],"author":[{"embeddable":true,"href":"https:\/\/ceawebs.com\/espanol\/wp-json\/wp\/v2\/users\/1"}],"replies":[{"embeddable":true,"href":"https:\/\/ceawebs.com\/espanol\/wp-json\/wp\/v2\/comments?post=233"}],"version-history":[{"count":123,"href":"https:\/\/ceawebs.com\/espanol\/wp-json\/wp\/v2\/pages\/233\/revisions"}],"predecessor-version":[{"id":2342,"href":"https:\/\/ceawebs.com\/espanol\/wp-json\/wp\/v2\/pages\/233\/revisions\/2342"}],"wp:featuredmedia":[{"embeddable":true,"href":"https:\/\/ceawebs.com\/espanol\/wp-json\/wp\/v2\/media\/2318"}],"wp:attachment":[{"href":"https:\/\/ceawebs.com\/espanol\/wp-json\/wp\/v2\/media?parent=233"}],"curies":[{"name":"wp","href":"https:\/\/api.w.org\/{rel}","templated":true}]}}