{"id":2177,"date":"2020-04-19T18:09:10","date_gmt":"2020-04-19T18:09:10","guid":{"rendered":"https:\/\/www.ceawebs.com\/espanol\/?page_id=2177"},"modified":"2020-04-19T18:54:14","modified_gmt":"2020-04-19T18:54:14","slug":"planes-hosting-wordpress","status":"publish","type":"page","link":"https:\/\/ceawebs.com\/espanol\/planes-hosting-wordpress\/","title":{"rendered":"Planes Hosting WordPress"},"content":{"rendered":"<div id=\"pl-2177\"  class=\"panel-layout\" ><div id=\"pg-2177-0\"  class=\"panel-grid panel-no-style\" ><div id=\"pgc-2177-0-0\"  class=\"panel-grid-cell panel-grid-cell-empty\" ><\/div><\/div><div id=\"pg-2177-1\"  class=\"panel-grid panel-has-style\" ><div class=\"panel-row-style panel-row-style-for-2177-1\" ><div id=\"pgc-2177-1-0\"  class=\"panel-grid-cell\" ><div id=\"panel-2177-1-0-0\" class=\"so-panel widget widget_sow-editor panel-first-child\" data-index=\"0\" ><div\n\t\t\t\n\t\t\tclass=\"so-widget-sow-editor so-widget-sow-editor-base\"\n\t\t\t\n\t\t>\n<div class=\"siteorigin-widget-tinymce textwidget\">\n\t<p>&nbsp;<\/p>\n<h2 class=\"product-title\">WordPress B\u00e1sico<\/h2>\n<\/div>\n<\/div><\/div><div id=\"panel-2177-1-0-1\" class=\"so-panel widget widget_rstore_product rstore-Product\" data-index=\"1\" ><div class=\"rstore-product-header\"><div class=\"rstore-pricing\"><span class=\"rstore-price\">$12.99<\/span> \/ per month<\/div><form class=\"rstore-add-to-cart-form\" method=\"POST\" action=\"https:\/\/www.secureserver.net\/api\/v1\/cart\/558622\/?redirect=1&plid=558622\"><input type=\"hidden\" name=\"items\" value='[{\"id\":\"wordpress-basic\",\"quantity\":1}]' \/><button class=\"rstore-add-to-cart button btn btn-primary\" type=\"submit\">Add to cart<\/button><div class=\"rstore-loading rstore-loading-hidden\"><\/div><\/form><\/div><\/div><div id=\"panel-2177-1-0-2\" class=\"so-panel widget widget_sow-editor panel-last-child\" data-index=\"2\" ><div\n\t\t\t\n\t\t\tclass=\"so-widget-sow-editor so-widget-sow-editor-base\"\n\t\t\t\n\t\t>\n<div class=\"siteorigin-widget-tinymce textwidget\">\n\t<p><strong>Una gran forma de comenzar.<\/strong><\/p>\n<ul>\n<li>1 sitio web<\/li>\n<li>30 GB de almacenamiento<\/li>\n<li>Ideal para hasta 25\u00a0000 visitas por mes<\/li>\n<li>Protecci\u00f3n con respaldo de sitio web y restauraci\u00f3n con un solo clic<\/li>\n<li>An\u00e1lisis de malware diario autom\u00e1tico<\/li>\n<\/ul>\n<\/div>\n<\/div><\/div><\/div><div id=\"pgc-2177-1-1\"  class=\"panel-grid-cell\" ><div id=\"panel-2177-1-1-0\" class=\"so-panel widget widget_sow-image panel-first-child panel-last-child\" data-index=\"3\" ><div\n\t\t\t\n\t\t\tclass=\"so-widget-sow-image so-widget-sow-image-default-c67d20f9f743-2177\"\n\t\t\t\n\t\t>\n<div class=\"sow-image-container\">\n\t\t<img \n\tsrc=\"https:\/\/ceawebs.com\/espanol\/wp-content\/uploads\/2020\/04\/Get-your-best-WP-hosting-in-lowest-possible-price-.png\" width=\"531\" height=\"325\" srcset=\"https:\/\/ceawebs.com\/espanol\/wp-content\/uploads\/2020\/04\/Get-your-best-WP-hosting-in-lowest-possible-price-.png 531w, https:\/\/ceawebs.com\/espanol\/wp-content\/uploads\/2020\/04\/Get-your-best-WP-hosting-in-lowest-possible-price--300x184.png 300w\" alt=\"\" \t\tclass=\"so-widget-image\"\/>\n\t<\/div>\n\n<\/div><\/div><\/div><\/div><\/div><div id=\"pg-2177-2\"  class=\"panel-grid panel-has-style\" ><div class=\"panel-row-style panel-row-style-for-2177-2\" ><div id=\"pgc-2177-2-0\"  class=\"panel-grid-cell\" ><div id=\"panel-2177-2-0-0\" class=\"so-panel widget widget_sow-image panel-first-child panel-last-child\" data-index=\"4\" ><div\n\t\t\t\n\t\t\tclass=\"so-widget-sow-image so-widget-sow-image-default-c67d20f9f743-2177\"\n\t\t\t\n\t\t>\n<div class=\"sow-image-container\">\n\t\t<img \n\tsrc=\"https:\/\/ceawebs.com\/espanol\/wp-content\/uploads\/2020\/04\/wordpressLeft.jpg\" width=\"531\" height=\"325\" srcset=\"https:\/\/ceawebs.com\/espanol\/wp-content\/uploads\/2020\/04\/wordpressLeft.jpg 531w, https:\/\/ceawebs.com\/espanol\/wp-content\/uploads\/2020\/04\/wordpressLeft-300x184.jpg 300w\" alt=\"\" \t\tclass=\"so-widget-image\"\/>\n\t<\/div>\n\n<\/div><\/div><\/div><div id=\"pgc-2177-2-1\"  class=\"panel-grid-cell\" ><div id=\"panel-2177-2-1-0\" class=\"so-panel widget widget_sow-editor panel-first-child\" data-index=\"5\" ><div\n\t\t\t\n\t\t\tclass=\"so-widget-sow-editor so-widget-sow-editor-base\"\n\t\t\t\n\t\t>\n<div class=\"siteorigin-widget-tinymce textwidget\">\n\t<h2 class=\"product-title\">WordPress Deluxe<\/h2>\n<\/div>\n<\/div><\/div><div id=\"panel-2177-2-1-1\" class=\"so-panel widget widget_rstore_product rstore-Product\" data-index=\"6\" ><div class=\"rstore-product-header\"><div class=\"rstore-pricing\"><span class=\"rstore-price\">$16.99<\/span> \/ per month<\/div><form class=\"rstore-add-to-cart-form\" method=\"POST\" action=\"https:\/\/www.secureserver.net\/api\/v1\/cart\/558622\/?redirect=1&plid=558622\"><input type=\"hidden\" name=\"items\" value='[{\"id\":\"wordpress-deluxe\",\"quantity\":1}]' \/><button class=\"rstore-add-to-cart button btn btn-primary\" type=\"submit\">Add to cart<\/button><div class=\"rstore-loading rstore-loading-hidden\"><\/div><\/form><\/div><\/div><div id=\"panel-2177-2-1-2\" class=\"so-panel widget widget_sow-editor panel-last-child\" data-index=\"7\" ><div\n\t\t\t\n\t\t\tclass=\"so-widget-sow-editor so-widget-sow-editor-base\"\n\t\t\t\n\t\t>\n<div class=\"siteorigin-widget-tinymce textwidget\">\n\t<p><strong>Obt\u00e9n m\u00e1s visitantes con un asistente de SEO integrado.<\/strong><\/p>\n<ul>\n<li>1 sitio web<\/li>\n<li>75 GB de almacenamiento<\/li>\n<li>Ideal para hasta 100\u00a0000 visitas por mes<\/li>\n<li>Protecci\u00f3n con respaldo de sitio web y restauraci\u00f3n con un solo clic<\/li>\n<li>An\u00e1lisis de malware diario autom\u00e1tico<\/li>\n<li>Optimizador de SEO<\/li>\n<li>Sitio de pruebas con un solo clic<\/li>\n<\/ul>\n<\/div>\n<\/div><\/div><\/div><\/div><\/div><div id=\"pg-2177-3\"  class=\"panel-grid panel-has-style\" ><div class=\"panel-row-style panel-row-style-for-2177-3\" ><div id=\"pgc-2177-3-0\"  class=\"panel-grid-cell\" ><div id=\"panel-2177-3-0-0\" class=\"so-panel widget widget_sow-editor panel-first-child\" data-index=\"8\" ><div\n\t\t\t\n\t\t\tclass=\"so-widget-sow-editor so-widget-sow-editor-base\"\n\t\t\t\n\t\t>\n<div class=\"siteorigin-widget-tinymce textwidget\">\n\t<h2 class=\"product-title\">WordPress Ultimate<\/h2>\n<\/div>\n<\/div><\/div><div id=\"panel-2177-3-0-1\" class=\"so-panel widget widget_rstore_product rstore-Product\" data-index=\"9\" ><div class=\"rstore-product-header\"><div class=\"rstore-pricing\"><span class=\"rstore-price\">$22.99<\/span> \/ per month<\/div><form class=\"rstore-add-to-cart-form\" method=\"POST\" action=\"https:\/\/www.secureserver.net\/api\/v1\/cart\/558622\/?redirect=1&plid=558622\"><input type=\"hidden\" name=\"items\" value='[{\"id\":\"wordpress-ultimate\",\"quantity\":1}]' \/><button class=\"rstore-add-to-cart button btn btn-primary\" type=\"submit\">Add to cart<\/button><div class=\"rstore-loading rstore-loading-hidden\"><\/div><\/form><\/div><\/div><div id=\"panel-2177-3-0-2\" class=\"so-panel widget widget_sow-editor panel-last-child\" data-index=\"10\" ><div\n\t\t\t\n\t\t\tclass=\"so-widget-sow-editor so-widget-sow-editor-base\"\n\t\t\t\n\t\t>\n<div class=\"siteorigin-widget-tinymce textwidget\">\n\t<p><strong>Agrega marketing online con m\u00e1s sitios, m\u00e1s almacenamiento y m\u00e1s seguridad.<\/strong><\/p>\n<ul>\n<li>1-2 sitios web<\/li>\n<li>Almacenamiento ilimitado<\/li>\n<li>Visitas ilimitadas por mes<\/li>\n<li>Protecci\u00f3n con respaldo de sitio web y restauraci\u00f3n con un solo clic<\/li>\n<li>An\u00e1lisis de malware diario autom\u00e1tico<\/li>\n<li>Optimizador de SEO<\/li>\n<li>Certificados SSL*<\/li>\n<li>Sitio de pruebas con un solo clic<\/li>\n<li>Eliminaci\u00f3n ilimitada de malware y reparaci\u00f3n despu\u00e9s de un ataque<\/li>\n<li>Cr\u00e9dito de marketing de $550 a Google, Yelp y Bing**<\/li>\n<\/ul>\n<p><small>*Se incluye un certificado SSL con cada sitio y es gratis durante todo el per\u00edodo del plan de hosting. Nuestros certificados no tienen complicaciones y se instalan, validan y renuevan autom\u00e1ticamente. El fuerte cifrado de 2048 bits garantizar\u00e1 que todas las transacciones sean seguras. Se requiere la compra de un plan anual.<\/small><\/p>\n<p><small>**Obt\u00e9n acceso a cr\u00e9ditos publicitarios de socios. Nuestro Centro de acci\u00f3n te guiar\u00e1 para configurar tus cuentas de socios y recibir\u00e1s un cr\u00e9dito especial de cuenta. Se aplican condiciones; consulta la informaci\u00f3n del centro de socios.<\/small><\/p>\n<\/div>\n<\/div><\/div><\/div><div id=\"pgc-2177-3-1\"  class=\"panel-grid-cell\" ><div id=\"panel-2177-3-1-0\" class=\"so-panel widget widget_sow-image panel-first-child panel-last-child\" data-index=\"11\" ><div\n\t\t\t\n\t\t\tclass=\"so-widget-sow-image so-widget-sow-image-default-c67d20f9f743-2177\"\n\t\t\t\n\t\t>\n<div class=\"sow-image-container\">\n\t\t<img \n\tsrc=\"https:\/\/ceawebs.com\/espanol\/wp-content\/uploads\/2020\/04\/Get-your-best-WP-hosting-in-lowest-possible-price-.png\" width=\"531\" height=\"325\" srcset=\"https:\/\/ceawebs.com\/espanol\/wp-content\/uploads\/2020\/04\/Get-your-best-WP-hosting-in-lowest-possible-price-.png 531w, https:\/\/ceawebs.com\/espanol\/wp-content\/uploads\/2020\/04\/Get-your-best-WP-hosting-in-lowest-possible-price--300x184.png 300w\" alt=\"\" \t\tclass=\"so-widget-image\"\/>\n\t<\/div>\n\n<\/div><\/div><\/div><\/div><\/div><div id=\"pg-2177-4\"  class=\"panel-grid panel-has-style\" ><div class=\"panel-row-style panel-row-style-for-2177-4\" ><div id=\"pgc-2177-4-0\"  class=\"panel-grid-cell\" ><div id=\"panel-2177-4-0-0\" class=\"so-panel widget widget_sow-image panel-first-child panel-last-child\" data-index=\"12\" ><div\n\t\t\t\n\t\t\tclass=\"so-widget-sow-image so-widget-sow-image-default-c67d20f9f743-2177\"\n\t\t\t\n\t\t>\n<div class=\"sow-image-container\">\n\t\t<img \n\tsrc=\"https:\/\/ceawebs.com\/espanol\/wp-content\/uploads\/2020\/04\/wordpressLeft.jpg\" width=\"531\" height=\"325\" srcset=\"https:\/\/ceawebs.com\/espanol\/wp-content\/uploads\/2020\/04\/wordpressLeft.jpg 531w, https:\/\/ceawebs.com\/espanol\/wp-content\/uploads\/2020\/04\/wordpressLeft-300x184.jpg 300w\" alt=\"\" \t\tclass=\"so-widget-image\"\/>\n\t<\/div>\n\n<\/div><\/div><\/div><div id=\"pgc-2177-4-1\"  class=\"panel-grid-cell\" ><div id=\"panel-2177-4-1-0\" class=\"so-panel widget widget_sow-editor panel-first-child\" data-index=\"13\" ><div\n\t\t\t\n\t\t\tclass=\"so-widget-sow-editor so-widget-sow-editor-base\"\n\t\t\t\n\t\t>\n<div class=\"siteorigin-widget-tinymce textwidget\">\n\t<p>&nbsp;<\/p>\n<h2 class=\"product-title\">WordPress E-Comercio<\/h2>\n<\/div>\n<\/div><\/div><div id=\"panel-2177-4-1-1\" class=\"so-panel widget widget_rstore_product rstore-Product\" data-index=\"14\" ><div class=\"rstore-product-header\"><div class=\"rstore-pricing\"><span class=\"rstore-price\">$29.99<\/span> \/ per month<\/div><form class=\"rstore-add-to-cart-form\" method=\"POST\" action=\"https:\/\/www.secureserver.net\/api\/v1\/cart\/558622\/?redirect=1&plid=558622\"><input type=\"hidden\" name=\"items\" value='[{\"id\":\"wordpress-ecommerce\",\"quantity\":1}]' \/><button class=\"rstore-add-to-cart button btn btn-primary\" type=\"submit\">Add to cart<\/button><div class=\"rstore-loading rstore-loading-hidden\"><\/div><\/form><\/div><\/div><div id=\"panel-2177-4-1-2\" class=\"so-panel widget widget_sow-editor panel-last-child\" data-index=\"15\" ><div\n\t\t\t\n\t\t\tclass=\"so-widget-sow-editor so-widget-sow-editor-base\"\n\t\t\t\n\t\t>\n<div class=\"siteorigin-widget-tinymce textwidget\">\n\t<p><strong>Obt\u00e9n una tienda online con funcionalidad completa y configuraci\u00f3n r\u00e1pida y sencilla.<\/strong><\/p>\n<ul>\n<li><strong>1 sitio web<\/strong><\/li>\n<li><strong>Almacenamiento<\/strong>\u00a0ilimitado<\/li>\n<li>Visitas ilimitado por mes<\/li>\n<li>Protecci\u00f3n con respaldo de sitio web y restauraci\u00f3n con un solo clic<\/li>\n<li>An\u00e1lisis de malware diario autom\u00e1tico<\/li>\n<li>Optimizador de SEO<\/li>\n<li>Certificado SSL<\/li>\n<li>Sitio de pruebas con un solo clic<\/li>\n<li>Eliminaci\u00f3n ilimitada de malware y reparaci\u00f3n despu\u00e9s de un ataque<\/li>\n<li>Instalaci\u00f3n autom\u00e1tica de WooCommerce<\/li>\n<li>Sin cargos por transacci\u00f3n<\/li>\n<li>Productos ilimitados<\/li>\n<li>Planificaci\u00f3n de reservaciones y citas<\/li>\n<li>Tarifas de env\u00edo en tiempo real<\/li>\n<li>Temas gratuitos de dise\u00f1o de la tienda de WooCommerce Premium<\/li>\n<li>Acceso gratuito a las mejores extensiones de complementos de WooCommerce Premium<\/li>\n<\/ul>\n<\/div>\n<\/div><\/div><\/div><\/div><\/div><\/div>","protected":false},"excerpt":{"rendered":"<p>&nbsp; WordPress B\u00e1sico Una gran forma de comenzar. 1 sitio web 30 GB de almacenamiento Ideal para hasta 25\u00a0000 visitas por mes Protecci\u00f3n con respaldo de sitio web y restauraci\u00f3n con un solo clic An\u00e1lisis de malware diario autom\u00e1tico<\/p>\n","protected":false},"author":1,"featured_media":0,"parent":0,"menu_order":0,"comment_status":"closed","ping_status":"closed","template":"","meta":{"_uag_custom_page_level_css":"","footnotes":""},"class_list":["post-2177","page","type-page","status-publish","hentry"],"aioseo_notices":[],"uagb_featured_image_src":{"full":false,"thumbnail":false,"medium":false,"medium_large":false,"large":false,"1536x1536":false,"2048x2048":false,"post-thumbnail":false,"sow-carousel-default":false},"uagb_author_info":{"display_name":"Tato","author_link":"https:\/\/ceawebs.com\/espanol\/author\/cesareaguirre\/"},"uagb_comment_info":0,"uagb_excerpt":"&nbsp; WordPress B\u00e1sico Una gran forma de comenzar. 1 sitio web 30 GB de almacenamiento Ideal para hasta 25\u00a0000 visitas por mes Protecci\u00f3n con respaldo de sitio web y restauraci\u00f3n con un solo clic An\u00e1lisis de malware diario autom\u00e1tico","_links":{"self":[{"href":"https:\/\/ceawebs.com\/espanol\/wp-json\/wp\/v2\/pages\/2177","targetHints":{"allow":["GET"]}}],"collection":[{"href":"https:\/\/ceawebs.com\/espanol\/wp-json\/wp\/v2\/pages"}],"about":[{"href":"https:\/\/ceawebs.com\/espanol\/wp-json\/wp\/v2\/types\/page"}],"author":[{"embeddable":true,"href":"https:\/\/ceawebs.com\/espanol\/wp-json\/wp\/v2\/users\/1"}],"replies":[{"embeddable":true,"href":"https:\/\/ceawebs.com\/espanol\/wp-json\/wp\/v2\/comments?post=2177"}],"version-history":[{"count":12,"href":"https:\/\/ceawebs.com\/espanol\/wp-json\/wp\/v2\/pages\/2177\/revisions"}],"predecessor-version":[{"id":2181,"href":"https:\/\/ceawebs.com\/espanol\/wp-json\/wp\/v2\/pages\/2177\/revisions\/2181"}],"wp:attachment":[{"href":"https:\/\/ceawebs.com\/espanol\/wp-json\/wp\/v2\/media?parent=2177"}],"curies":[{"name":"wp","href":"https:\/\/api.w.org\/{rel}","templated":true}]}}