{"id":2159,"date":"2020-04-19T17:54:04","date_gmt":"2020-04-19T17:54:04","guid":{"rendered":"https:\/\/www.ceawebs.com\/espanol\/?page_id=2159"},"modified":"2020-04-19T18:55:34","modified_gmt":"2020-04-19T18:55:34","slug":"planes-hosting-cpanel","status":"publish","type":"page","link":"https:\/\/ceawebs.com\/espanol\/planes-hosting-cpanel\/","title":{"rendered":"Planes Hosting cPanel"},"content":{"rendered":"<div id=\"pl-2159\"  class=\"panel-layout\" ><div id=\"pg-2159-0\"  class=\"panel-grid panel-no-style\" ><div id=\"pgc-2159-0-0\"  class=\"panel-grid-cell panel-grid-cell-empty\" ><\/div><\/div><div id=\"pg-2159-1\"  class=\"panel-grid panel-has-style\" ><div class=\"panel-row-style panel-row-style-for-2159-1\" ><div id=\"pgc-2159-1-0\"  class=\"panel-grid-cell\" ><div id=\"panel-2159-1-0-0\" class=\"so-panel widget widget_sow-editor panel-first-child\" data-index=\"0\" ><div\n\t\t\t\n\t\t\tclass=\"so-widget-sow-editor so-widget-sow-editor-base\"\n\t\t\t\n\t\t>\n<div class=\"siteorigin-widget-tinymce textwidget\">\n\t<p>&nbsp;<\/p>\n<h2 class=\"product-title\">cPanel Inicial<\/h2>\n<\/div>\n<\/div><\/div><div id=\"panel-2159-1-0-1\" class=\"so-panel widget widget_rstore_product rstore-Product\" data-index=\"1\" ><div class=\"rstore-product-header\"><div class=\"rstore-pricing\"><span class=\"rstore-price\">$4.99<\/span> \/ per month<\/div><form class=\"rstore-add-to-cart-form\" method=\"POST\" action=\"https:\/\/www.secureserver.net\/api\/v1\/cart\/558622\/?redirect=1&plid=558622\"><input type=\"hidden\" name=\"items\" value='[{\"id\":\"cpanel-starter\",\"quantity\":1}]' \/><button class=\"rstore-add-to-cart button btn btn-primary\" type=\"submit\">Add to cart<\/button><div class=\"rstore-loading rstore-loading-hidden\"><\/div><\/form><\/div><\/div><div id=\"panel-2159-1-0-2\" class=\"so-panel widget widget_sow-editor panel-last-child\" data-index=\"2\" ><div\n\t\t\t\n\t\t\tclass=\"so-widget-sow-editor so-widget-sow-editor-base\"\n\t\t\t\n\t\t>\n<div class=\"siteorigin-widget-tinymce textwidget\">\n\t<ul>\n<li>1 sitio web<\/li>\n<li>30 GB de almacenamiento<\/li>\n<li>Ancho de banda sin medici\u00f3n*<\/li>\n<\/ul>\n<p><small>*No limitamos la cantidad de almacenamiento y ancho de banda que puede usar tu sitio siempre que cumpla nuestro\u00a0<a href=\"https:\/\/www.secureserver.net\/legal-agreement?id=hosting_sa&amp;pl_id=558622\">Contrato de Hosting<\/a>. Si el uso del ancho de banda o almacenamiento de tu sitio web presentara alg\u00fan riesgo para la estabilidad, el rendimiento o el tiempo de actividad de nuestros servidores, te informaremos por correo electr\u00f3nico, y es posible que debas actualizarte, o podr\u00edamos restringir los recursos que usa tu sitio web. Es muy poco com\u00fan que un sitio web viole nuestro Contrato de Hosting y, en general, esto solo ocurre en sitios que usan el hosting para compartir o almacenar archivos.<\/small><\/p>\n<\/div>\n<\/div><\/div><\/div><div id=\"pgc-2159-1-1\"  class=\"panel-grid-cell\" ><div id=\"panel-2159-1-1-0\" class=\"so-panel widget widget_sow-image panel-first-child panel-last-child\" data-index=\"3\" ><div\n\t\t\t\n\t\t\tclass=\"so-widget-sow-image so-widget-sow-image-default-c67d20f9f743-2159\"\n\t\t\t\n\t\t>\n<div class=\"sow-image-container\">\n\t\t<img \n\tsrc=\"https:\/\/ceawebs.com\/espanol\/wp-content\/uploads\/2020\/04\/webhosting.jpg\" width=\"1000\" height=\"808\" srcset=\"https:\/\/ceawebs.com\/espanol\/wp-content\/uploads\/2020\/04\/webhosting.jpg 1000w, https:\/\/ceawebs.com\/espanol\/wp-content\/uploads\/2020\/04\/webhosting-300x242.jpg 300w, https:\/\/ceawebs.com\/espanol\/wp-content\/uploads\/2020\/04\/webhosting-768x621.jpg 768w\" alt=\"\" \t\tclass=\"so-widget-image\"\/>\n\t<\/div>\n\n<\/div><\/div><\/div><\/div><\/div><div id=\"pg-2159-2\"  class=\"panel-grid panel-has-style\" ><div class=\"panel-row-style panel-row-style-for-2159-2\" ><div id=\"pgc-2159-2-0\"  class=\"panel-grid-cell\" ><div id=\"panel-2159-2-0-0\" class=\"so-panel widget widget_sow-image panel-first-child panel-last-child\" data-index=\"4\" ><div\n\t\t\t\n\t\t\tclass=\"so-widget-sow-image so-widget-sow-image-default-c67d20f9f743-2159\"\n\t\t\t\n\t\t>\n<div class=\"sow-image-container\">\n\t\t<img \n\tsrc=\"https:\/\/ceawebs.com\/espanol\/wp-content\/uploads\/2020\/04\/webhostingLeft.jpg\" width=\"1000\" height=\"808\" srcset=\"https:\/\/ceawebs.com\/espanol\/wp-content\/uploads\/2020\/04\/webhostingLeft.jpg 1000w, https:\/\/ceawebs.com\/espanol\/wp-content\/uploads\/2020\/04\/webhostingLeft-300x242.jpg 300w, https:\/\/ceawebs.com\/espanol\/wp-content\/uploads\/2020\/04\/webhostingLeft-768x621.jpg 768w\" alt=\"\" \t\tclass=\"so-widget-image\"\/>\n\t<\/div>\n\n<\/div><\/div><\/div><div id=\"pgc-2159-2-1\"  class=\"panel-grid-cell\" ><div id=\"panel-2159-2-1-0\" class=\"so-panel widget widget_sow-editor panel-first-child\" data-index=\"5\" ><div\n\t\t\t\n\t\t\tclass=\"so-widget-sow-editor so-widget-sow-editor-base\"\n\t\t\t\n\t\t>\n<div class=\"siteorigin-widget-tinymce textwidget\">\n\t<p>&nbsp;<\/p>\n<h2 class=\"product-title\">cPanel Econ\u00f3mico<\/h2>\n<\/div>\n<\/div><\/div><div id=\"panel-2159-2-1-1\" class=\"so-panel widget widget_rstore_product rstore-Product\" data-index=\"6\" ><div class=\"rstore-product-header\"><div class=\"rstore-pricing\"><span class=\"rstore-price\">$9.99<\/span> \/ per month<\/div><form class=\"rstore-add-to-cart-form\" method=\"POST\" action=\"https:\/\/www.secureserver.net\/api\/v1\/cart\/558622\/?redirect=1&plid=558622\"><input type=\"hidden\" name=\"items\" value='[{\"id\":\"cpanel-economy\",\"quantity\":1}]' \/><button class=\"rstore-add-to-cart button btn btn-primary\" type=\"submit\">Add to cart<\/button><div class=\"rstore-loading rstore-loading-hidden\"><\/div><\/form><\/div><\/div><div id=\"panel-2159-2-1-2\" class=\"so-panel widget widget_sow-editor panel-last-child\" data-index=\"7\" ><div\n\t\t\t\n\t\t\tclass=\"so-widget-sow-editor so-widget-sow-editor-base\"\n\t\t\t\n\t\t>\n<div class=\"siteorigin-widget-tinymce textwidget\">\n\t<ul>\n<li>1 sitio web<\/li>\n<li>Espacio de 100 GB<\/li>\n<li>Ancho de banda ilimitado*<\/li>\n<li>100 cuentas de correo electr\u00f3nico**<\/li>\n<li>10 bases de datos MySQL (cada una de 1 GB)<\/li>\n<\/ul>\n<p><small>*No limitamos la cantidad de almacenamiento y ancho de banda que puede usar tu sitio siempre que cumpla nuestro\u00a0<a href=\"https:\/\/www.secureserver.net\/legal-agreement?id=hosting_sa&amp;pl_id=558622\">Contrato de Hosting<\/a>. Si el uso del ancho de banda o almacenamiento de tu sitio web presentara alg\u00fan riesgo para la estabilidad, el rendimiento o el tiempo de actividad de nuestros servidores, te informaremos por correo electr\u00f3nico, y es posible que debas actualizarte, o podr\u00edamos restringir los recursos que usa tu sitio web. Es muy poco com\u00fan que un sitio web viole nuestro Contrato de Hosting y, en general, esto solo ocurre en sitios que usan el hosting para compartir o almacenar archivos.<\/small><\/p>\n<p><small>**El almacenamiento de la cuenta de correo electr\u00f3nico est\u00e1 limitado a 100 cuentas de correo electr\u00f3nico con 100 MB de almacenamiento total.<\/small><\/p>\n<\/div>\n<\/div><\/div><\/div><\/div><\/div><div id=\"pg-2159-3\"  class=\"panel-grid panel-has-style\" ><div class=\"panel-row-style panel-row-style-for-2159-3\" ><div id=\"pgc-2159-3-0\"  class=\"panel-grid-cell\" ><div id=\"panel-2159-3-0-0\" class=\"so-panel widget widget_sow-editor panel-first-child\" data-index=\"8\" ><div\n\t\t\t\n\t\t\tclass=\"so-widget-sow-editor so-widget-sow-editor-base\"\n\t\t\t\n\t\t>\n<div class=\"siteorigin-widget-tinymce textwidget\">\n\t<h2 class=\"product-title\">cPanel Deluxe<\/h2>\n<\/div>\n<\/div><\/div><div id=\"panel-2159-3-0-1\" class=\"so-panel widget widget_rstore_product rstore-Product\" data-index=\"9\" ><div class=\"rstore-product-header\"><div class=\"rstore-pricing\"><span class=\"rstore-price\">$14.99<\/span> \/ per month<\/div><form class=\"rstore-add-to-cart-form\" method=\"POST\" action=\"https:\/\/www.secureserver.net\/api\/v1\/cart\/558622\/?redirect=1&plid=558622\"><input type=\"hidden\" name=\"items\" value='[{\"id\":\"cpanel-deluxe\",\"quantity\":1}]' \/><button class=\"rstore-add-to-cart button btn btn-primary\" type=\"submit\">Add to cart<\/button><div class=\"rstore-loading rstore-loading-hidden\"><\/div><\/form><\/div><\/div><div id=\"panel-2159-3-0-2\" class=\"so-panel widget widget_sow-editor panel-last-child\" data-index=\"10\" ><div\n\t\t\t\n\t\t\tclass=\"so-widget-sow-editor so-widget-sow-editor-base\"\n\t\t\t\n\t\t>\n<div class=\"siteorigin-widget-tinymce textwidget\">\n\t<ul>\n<li>Sitios web ilimitados<\/li>\n<li>Espacio Ilimitado<\/li>\n<li>Ancho de banda ilimitado*<\/li>\n<li>500 cuentas de correo electr\u00f3nico**<\/li>\n<li>25 bases de datos MySQL (cada una de 1 GB)<\/li>\n<\/ul>\n<p><small>*No limitamos la cantidad de almacenamiento y ancho de banda que puede usar tu sitio siempre que cumpla nuestro\u00a0<a href=\"https:\/\/www.secureserver.net\/legal-agreement?id=hosting_sa&amp;pl_id=558622\">Contrato de Hosting<\/a>. Si el uso del ancho de banda o almacenamiento de tu sitio web presentara alg\u00fan riesgo para la estabilidad, el rendimiento o el tiempo de actividad de nuestros servidores, te informaremos por correo electr\u00f3nico, y es posible que debas actualizarte, o podr\u00edamos restringir los recursos que usa tu sitio web. Es muy poco com\u00fan que un sitio web viole nuestro Contrato de Hosting y, en general, esto solo ocurre en sitios que usan el hosting para compartir o almacenar archivos.<\/small><\/p>\n<p><small>**El almacenamiento de la cuenta de correo electr\u00f3nico est\u00e1 limitado a 500 cuentas de correo electr\u00f3nico con 500 MB de almacenamiento total.<\/small><\/p>\n<\/div>\n<\/div><\/div><\/div><div id=\"pgc-2159-3-1\"  class=\"panel-grid-cell\" ><div id=\"panel-2159-3-1-0\" class=\"so-panel widget widget_sow-image panel-first-child panel-last-child\" data-index=\"11\" ><div\n\t\t\t\n\t\t\tclass=\"so-widget-sow-image so-widget-sow-image-default-c67d20f9f743-2159\"\n\t\t\t\n\t\t>\n<div class=\"sow-image-container\">\n\t\t<img \n\tsrc=\"https:\/\/ceawebs.com\/espanol\/wp-content\/uploads\/2020\/04\/webhosting.jpg\" width=\"1000\" height=\"808\" srcset=\"https:\/\/ceawebs.com\/espanol\/wp-content\/uploads\/2020\/04\/webhosting.jpg 1000w, https:\/\/ceawebs.com\/espanol\/wp-content\/uploads\/2020\/04\/webhosting-300x242.jpg 300w, https:\/\/ceawebs.com\/espanol\/wp-content\/uploads\/2020\/04\/webhosting-768x621.jpg 768w\" alt=\"\" \t\tclass=\"so-widget-image\"\/>\n\t<\/div>\n\n<\/div><\/div><\/div><\/div><\/div><div id=\"pg-2159-4\"  class=\"panel-grid panel-has-style\" ><div class=\"panel-row-style panel-row-style-for-2159-4\" ><div id=\"pgc-2159-4-0\"  class=\"panel-grid-cell\" ><div id=\"panel-2159-4-0-0\" class=\"so-panel widget widget_sow-image panel-first-child panel-last-child\" data-index=\"12\" ><div\n\t\t\t\n\t\t\tclass=\"so-widget-sow-image so-widget-sow-image-default-c67d20f9f743-2159\"\n\t\t\t\n\t\t>\n<div class=\"sow-image-container\">\n\t\t<img \n\tsrc=\"https:\/\/ceawebs.com\/espanol\/wp-content\/uploads\/2020\/04\/webhostingLeft.jpg\" width=\"1000\" height=\"808\" srcset=\"https:\/\/ceawebs.com\/espanol\/wp-content\/uploads\/2020\/04\/webhostingLeft.jpg 1000w, https:\/\/ceawebs.com\/espanol\/wp-content\/uploads\/2020\/04\/webhostingLeft-300x242.jpg 300w, https:\/\/ceawebs.com\/espanol\/wp-content\/uploads\/2020\/04\/webhostingLeft-768x621.jpg 768w\" alt=\"\" \t\tclass=\"so-widget-image\"\/>\n\t<\/div>\n\n<\/div><\/div><\/div><div id=\"pgc-2159-4-1\"  class=\"panel-grid-cell\" ><div id=\"panel-2159-4-1-0\" class=\"so-panel widget widget_sow-editor panel-first-child\" data-index=\"13\" ><div\n\t\t\t\n\t\t\tclass=\"so-widget-sow-editor so-widget-sow-editor-base\"\n\t\t\t\n\t\t>\n<div class=\"siteorigin-widget-tinymce textwidget\">\n\t<h2 class=\"product-title\">cPanel Ultimate<\/h2>\n<\/div>\n<\/div><\/div><div id=\"panel-2159-4-1-1\" class=\"so-panel widget widget_rstore_product rstore-Product\" data-index=\"14\" ><div class=\"rstore-product-header\"><div class=\"rstore-pricing\"><span class=\"rstore-price\">$18.99<\/span> \/ per month<\/div><form class=\"rstore-add-to-cart-form\" method=\"POST\" action=\"https:\/\/www.secureserver.net\/api\/v1\/cart\/558622\/?redirect=1&plid=558622\"><input type=\"hidden\" name=\"items\" value='[{\"id\":\"cpanel-ultimate\",\"quantity\":1}]' \/><button class=\"rstore-add-to-cart button btn btn-primary\" type=\"submit\">Add to cart<\/button><div class=\"rstore-loading rstore-loading-hidden\"><\/div><\/form><\/div><\/div><div id=\"panel-2159-4-1-2\" class=\"so-panel widget widget_sow-editor panel-last-child\" data-index=\"15\" ><div\n\t\t\t\n\t\t\tclass=\"so-widget-sow-editor so-widget-sow-editor-base\"\n\t\t\t\n\t\t>\n<div class=\"siteorigin-widget-tinymce textwidget\">\n\t<ul>\n<li>Sitios web ilimitados<\/li>\n<li>Espacio Ilimitado<\/li>\n<li>Ancho de banda ilimitado*<\/li>\n<li>1000 cuentas de correo electr\u00f3nico**<\/li>\n<li>Bases de datos MySQL ilimitadas (cada una de 1 GB.)<\/li>\n<li>Memoria y potencia de procesamiento doble (disponible para Linux\/cPanel \u00fanicamente)<\/li>\n<li>DNS Premium<\/li>\n<li>Certificado SSL por 1 a\u00f1o para proteger los datos del cliente y aumentar el posicionamiento de b\u00fasqueda. Incluido \u00fanicamente con los planes anuales.***<\/li>\n<\/ul>\n<p><small>*No limitamos la cantidad de almacenamiento y ancho de banda que puede usar tu sitio siempre que cumpla nuestro\u00a0<a href=\"https:\/\/www.secureserver.net\/legal-agreement?id=hosting_sa&amp;pl_id=558622\">Contrato de Hosting<\/a>. Si el uso del ancho de banda o almacenamiento de tu sitio web presentara alg\u00fan riesgo para la estabilidad, el rendimiento o el tiempo de actividad de nuestros servidores, te informaremos por correo electr\u00f3nico, y es posible que debas actualizarte, o podr\u00edamos restringir los recursos que usa tu sitio web. Es muy poco com\u00fan que un sitio web viole nuestro Contrato de Hosting y, en general, esto solo ocurre en sitios que usan el hosting para compartir o almacenar archivos.<\/small><\/p>\n<p><small>**El almacenamiento de la cuenta de correo electr\u00f3nico est\u00e1 limitado a 1000 cuentas de correo electr\u00f3nico con 1 GB de almacenamiento total.<\/small><\/p>\n<p><small>***Despu\u00e9s del primer a\u00f1o gratis, el certificado se renovar\u00e1\u00a0autom\u00e1ticamente al precio vigente en ese momento hasta su cancelaci\u00f3n. Puedes cancelar tu certificado de renovaci\u00f3n\u00a0autom\u00e1tica en cualquier momento.<\/small><\/p>\n<\/div>\n<\/div><\/div><\/div><\/div><\/div><\/div>","protected":false},"excerpt":{"rendered":"<p>&nbsp; cPanel Inicial 1 sitio web 30 GB de almacenamiento Ancho de banda sin medici\u00f3n* *No limitamos la cantidad de almacenamiento y ancho de banda que puede usar tu sitio siempre que cumpla nuestro\u00a0Contrato de Hosting. Si el uso del ancho de banda o almacenamiento de tu sitio web presentara alg\u00fan riesgo para la estabilidad, [&hellip;]<\/p>\n","protected":false},"author":1,"featured_media":0,"parent":0,"menu_order":0,"comment_status":"closed","ping_status":"closed","template":"","meta":{"_uag_custom_page_level_css":"","footnotes":""},"class_list":["post-2159","page","type-page","status-publish","hentry"],"aioseo_notices":[],"uagb_featured_image_src":{"full":false,"thumbnail":false,"medium":false,"medium_large":false,"large":false,"1536x1536":false,"2048x2048":false,"post-thumbnail":false,"sow-carousel-default":false},"uagb_author_info":{"display_name":"Tato","author_link":"https:\/\/ceawebs.com\/espanol\/author\/cesareaguirre\/"},"uagb_comment_info":0,"uagb_excerpt":"&nbsp; cPanel Inicial 1 sitio web 30 GB de almacenamiento Ancho de banda sin medici\u00f3n* *No limitamos la cantidad de almacenamiento y ancho de banda que puede usar tu sitio siempre que cumpla nuestro\u00a0Contrato de Hosting. Si el uso del ancho de banda o almacenamiento de tu sitio web presentara alg\u00fan riesgo para la estabilidad,&hellip;","_links":{"self":[{"href":"https:\/\/ceawebs.com\/espanol\/wp-json\/wp\/v2\/pages\/2159","targetHints":{"allow":["GET"]}}],"collection":[{"href":"https:\/\/ceawebs.com\/espanol\/wp-json\/wp\/v2\/pages"}],"about":[{"href":"https:\/\/ceawebs.com\/espanol\/wp-json\/wp\/v2\/types\/page"}],"author":[{"embeddable":true,"href":"https:\/\/ceawebs.com\/espanol\/wp-json\/wp\/v2\/users\/1"}],"replies":[{"embeddable":true,"href":"https:\/\/ceawebs.com\/espanol\/wp-json\/wp\/v2\/comments?post=2159"}],"version-history":[{"count":13,"href":"https:\/\/ceawebs.com\/espanol\/wp-json\/wp\/v2\/pages\/2159\/revisions"}],"predecessor-version":[{"id":2205,"href":"https:\/\/ceawebs.com\/espanol\/wp-json\/wp\/v2\/pages\/2159\/revisions\/2205"}],"wp:attachment":[{"href":"https:\/\/ceawebs.com\/espanol\/wp-json\/wp\/v2\/media?parent=2159"}],"curies":[{"name":"wp","href":"https:\/\/api.w.org\/{rel}","templated":true}]}}